{"id":3931,"date":"2022-10-03T09:41:30","date_gmt":"2022-10-03T07:41:30","guid":{"rendered":"https:\/\/intrasense.fr\/conditions-generales-d-utilisation\/"},"modified":"2025-11-18T12:15:13","modified_gmt":"2025-11-18T11:15:13","slug":"terms-and-conditions","status":"publish","type":"page","link":"https:\/\/intrasense.fr\/en\/terms-and-conditions\/","title":{"rendered":"Terms &amp; Conditions"},"content":{"rendered":"\n<p>The use of this Website&nbsp;<a href=\"https:\/\/intrasense.fr\">www.intrasense.fr<\/a>&nbsp;(hereinafter the \u201cWebsite\u201d) implies full and unconditional acceptance of the Terms and Conditions set out below. These Terms and Conditions may be modified at any time. Users of the Website are advised to consult them regularly.<\/p>\n\n\n\n<p>The Website is normally accessible to users at all times. However, the Website may decide to interrupt access to carry out technical maintenance and will endeavor to inform users of the date and time of such maintenance.<\/p>\n\n\n\n<p>The Website is updated regularly by&nbsp;<a href=\"https:\/\/intrasense.fr\">www.intrasense.fr<\/a>. Similarly, these Terms and Conditions may be modified without notice at any time. They are binding on the user who is therefore advised to consult them regularly.<\/p>\n\n\n\n<h2 class=\"wp-block-heading\">1 - Owner<\/h2>\n\n\n\n<p>This Website, available at the following address&nbsp;<a href=\"https:\/\/intrasense.fr\">www.intrasense.fr<\/a>&nbsp;is the property of INTRASENSE (hereinafter INTRASENSE).<\/p>\n\n\n\n<ul class=\"wp-block-list\">\n<li>Legal name: INTRASENSE<\/li>\n\n\n\n<li>Trade name: Intrasense<\/li>\n\n\n\n<li>Address of the registered office: 1231 avenue du Mondial 98, 34000 Montpellier, France<\/li>\n\n\n\n<li>SIRET number: 45247950400048<\/li>\n\n\n\n<li>VAT number: FR57 452 479 504<\/li>\n\n\n\n<li>Business activity (NAF\/APE code): Edition de logiciels applicatifs (5829C)<\/li>\n\n\n\n<li>Legal form: Soci\u00e9t\u00e9 Anonyme (SA) \u00e0 conseil d'administration<\/li>\n\n\n\n<li>RCS registration: Montpellier<\/li>\n\n\n\n<li>Share capital: 2 613 100, 75 euros<\/li>\n\n\n\n<li>Legal representative: M. Alexandre Salvador in his capacity as CEO<\/li>\n\n\n\n<li>Publication Manager: Ms. Fanny Louvet-de Verch\u00e8re in his capacity as CPMO<\/li>\n\n\n\n<li>Data Protection Officer (DPO): M. Fabien Crozet in his capacity as Directeur of DPO Consulting<\/li>\n<\/ul>\n\n\n\n<p>Contact us:<\/p>\n\n\n\n<ul class=\"wp-block-list\">\n<li>Address: 1231 avenue du Mondial 98, 34000 Montpellier, France<\/li>\n\n\n\n<li>Phone number: +33 (0)4 67 130 134<\/li>\n\n\n\n<li>Contact email:&nbsp;<a href=\"mailto:support@intrasense.fr\">support@intrasense.fr<\/a><\/li>\n\n\n\n<li>Reservation email:&nbsp;<a href=\"mailto:contact@intrasense.fr\">contact@intrasense.fr<\/a><\/li>\n\n\n\n<li>Data Protection Officer email:&nbsp;<a href=\"mailto:dpo@intrasense.fr\">dpo@intrasense.fr<\/a><\/li>\n\n\n\n<li>Website:&nbsp;<a href=\"https:\/\/intrasense.fr\">www.intrasense.fr<\/a><\/li>\n<\/ul>\n\n\n\n<h2 class=\"wp-block-heading\">2 \u2013 Design<\/h2>\n\n\n\n<p>This Website, accessible at&nbsp;<a href=\"https:\/\/intrasense.fr\">www.intrasense.fr<\/a>, has been designed and developed by Diadao Productive, a limited liability company (SARL) with share capital of \u20ac100,000.00 legally registered with the Montpellier RCS register under the number 443 748 397 00041 and with the VAT number FR34443748397. The registered office is located Zone Ecoparc \u2013 625 Avenue de la Saladelle 34130 Saint-Aun\u00e8s - France.<\/p>\n\n\n\n<p>Diadao is an agency specialized in providing online and marketing services to hotels, restaurants, spas and tourism operators. The Website Artistic Director is Mr. Serge Bija, an external provider from the Diadao digital communication agency.<\/p>\n\n\n\n<p>How to contact Diadao Productive:<\/p>\n\n\n\n<ul class=\"wp-block-list\">\n<li>Address: Zone Ecoparc - 625 Avenue de la Saladelle 34130 Saint-Aun\u00e8s - France<\/li>\n\n\n\n<li>Phone number:&nbsp;<a href=\"tel:+33467402273\">+33 (0)4 67 40 22 73<\/a><\/li>\n\n\n\n<li>Contact email:&nbsp;<a href=\"mailto:contact@diadao.fr\">contact@diadao.fr<\/a><\/li>\n\n\n\n<li>Website:&nbsp;<a href=\"https:\/\/www.diadao.fr\/\" target=\"_blank\" rel=\"noreferrer noopener\">https:\/\/www.diadao.fr<\/a><\/li>\n<\/ul>\n\n\n\n<h2 class=\"wp-block-heading\">3 - Website Host<\/h2>\n\n\n\n<p>This Website accessible at&nbsp;<a href=\"https:\/\/intrasense.fr\">www.intrasense.fr<\/a>, is hosted by AGS Cloud (Access Global Security) SARL with a share capital of \u20ac107,700.00 legally registered with the Montpellier RCS register under the number 442 015 392 00040. The registered office is located 265 rue de la Gariguette 34130 St Aun\u00e8s \u2013 France.<\/p>\n\n\n\n<p>How to contact AGS Cloud:<\/p>\n\n\n\n<ul class=\"wp-block-list\">\n<li>Address: 265 Rue de la Garriguette 34130 Saint-Aun\u00e8s - France<\/li>\n\n\n\n<li>Phone number:&nbsp;<a href=\"tel:+33467991350\">+33 (0)4 67 99 13 50<\/a><\/li>\n\n\n\n<li>Contact form:&nbsp;<a href=\"http:\/\/www.ags-cloud.fr\/contactez-nous\/\" target=\"_blank\" rel=\"noreferrer noopener\">http:\/\/www.ags-cloud.fr\/contactez-nous\/<\/a><\/li>\n\n\n\n<li>Website:&nbsp;<a href=\"http:\/\/www.ags-cloud.fr\/\" target=\"_blank\" rel=\"noreferrer noopener\">http:\/\/www.ags-cloud.fr<\/a><\/li>\n<\/ul>\n\n\n\n<h2 class=\"wp-block-heading\">4 - Website Content &amp; Copyright<\/h2>\n\n\n\n<p>This Website and all its contents may contain confidential information or information protected by legislation on intellectual property or other applicable laws.<\/p>\n\n\n\n<p>Unless indicated otherwise, all Website content, general structure, texts, sounds and images whether animated or not, are the exclusive property of INTRASENSE. It is forbidden for users to copy, modify, create a derivative work, assemble, decompile, sublicense or transfer any element on the Website or any content item whatsoever, except for personal usage.<\/p>\n\n\n\n<p>Any total or partial representation of the Website and its contents, by any means, without prior specific authorization from INTRASENSE is strictly prohibited and will constitute an act of counterfeiting punishable under the&nbsp;<a href=\"https:\/\/www.legifrance.gouv.fr\/affichCode.do;jsessionid=DD2428B77ECBD0CE711736E4659B21E9.tplgfr28s_2?cidTexte=LEGITEXT000006069414&amp;dateTexte=20180323\" target=\"_blank\" rel=\"noreferrer noopener\">Intellectual Property Code<\/a>.<\/p>\n\n\n\n<p>Credits<\/p>\n\n\n\n<ul class=\"wp-block-list\">\n<li>Texts: \u00a9 Intrasense<\/li>\n\n\n\n<li>Photos: \u00a9 Adobe Stock - betrue agency - Virtual Studio<\/li>\n<\/ul>\n\n\n\n<h2 class=\"wp-block-heading\">5 - License to use the Website Content<\/h2>\n\n\n\n<p>By accessing the Website or using the services, the user acknowledges that he\/she accept a license granted by INTRASENSE, to use the Website content subject to the following imperative restrictions:<\/p>\n\n\n\n<p>The license is granted on a non-exclusive, non-assignable basis. The user\u2019s right of use is personal and private: this means that any reproduction of Website content on any medium whatsoever for collective or personal use, even within the user\u2019s company, is prohibited. The same prohibition applies to any communication of Website content electronically, even when such communication is over a corporate internet or extranet.<\/p>\n\n\n\n<p>The right of use includes only the permission to consult the website and its contents. This use only includes permission to reproduce by storage for representation on a single screen and such reproduction by storage is only allowed for use on a single computer screen or for paper printouts. Any other use is subject to prior specific authorization from INTRASENSE. The breach of any of these provisions shall subject the perpetrator and any other person responsible for such breach, to the criminal and civil sanctions applicable under French and European law.<\/p>\n\n\n\n<h2 class=\"wp-block-heading\">6 \u2013 Contractual Limitations regarding Technical Data<\/h2>\n\n\n\n<p>The Website uses JavaScript technology.<\/p>\n\n\n\n<p>The Website may not be held liable for any material damage resulting from the use of the Website. Moreover, the user of the site agrees to access the website using recent equipment, free of any viruses and with latest generation updated browser.<\/p>\n\n\n\n<p>The Website is hosted by a provider, AGS Cloud (Access Global Security), on the territory of the European Union, in accordance with the provisions of the&nbsp;<a href=\"https:\/\/eur-lex.europa.eu\/legal-content\/EN\/TXT\/?uri=CELEX%3A32016R0679\" target=\"_blank\" rel=\"noreferrer noopener\">General Data Protection Regulation (GDPR: 2016\/679)<\/a>.<\/p>\n\n\n\n<p>The objective is to provide a service that ensures the best possible accessibility rate. The host ensures the continuity of its service 24 hours a day, every day of the year. However, it reserves the right to interrupt the hosting service for the shortest possible periods of time, in particular for maintenance purposes, to improve its infrastructures, in case of infrastructure failures or if the services generate unusual traffic volumes.<\/p>\n\n\n\n<p><a href=\"https:\/\/intrasense.fr\">www.intrasense.fr<\/a>&nbsp;and the hosting provider will not be held liable in any case of malfunctioning of the Internet network, telephone lines or computer equipment or any network congestion preventing access to the server.<\/p>\n\n\n\n<h2 class=\"wp-block-heading\">7 \u2013 European Data Protection Act<\/h2>\n\n\n\n<p>INTRASENSE, with share capital of 1 566 370, 70\u0080, legally registered with the Montpellier RCS under the number 45247950400048, is liable for the use made of the information collected on the Website. The person to be contacted for any questions about data collection is M. Nicolas Reymond in his capacity as Directeur G\u00e9n\u00e9ral.<\/p>\n\n\n\n<p>The data collected and stored is hosted by the company Salesforce, SAS, a simplified joint-stock company, with share capital of 37000 legally registered with the RCS Paris RSC under the number 48399322600057, whose registered office is located 3 AVENUE OCTAVE GREARD 75007 PARIS.<\/p>\n\n\n\n<p>Salesforce is a company which provides Salesforce offers cloud computing to businesses by providing IT services (such as software, databases, servers and networks) over the Internet.<\/p>\n\n\n\n<p>How to contact them:<\/p>\n\n\n\n<ul class=\"wp-block-list\">\n<li>Address: 3 AVENUE OCTAVE GREARD 75007 PARIS<\/li>\n\n\n\n<li>Phone number: +33 (0)1 72 10 94 00<\/li>\n\n\n\n<li>Contact email:&nbsp;<a href=\"mailto:privacymark@salesforce.com\">privacymark@salesforce.com<\/a><\/li>\n\n\n\n<li>Website:&nbsp;<a href=\"http:\/\/legal.diadao.lan\/www.salesforce.com\" target=\"_blank\" rel=\"noreferrer noopener\">www.salesforce.com<\/a><\/li>\n<\/ul>\n\n\n\n<p>The user is informed that, according to the&nbsp;<a href=\"https:\/\/eur-lex.europa.eu\/legal-content\/EN\/TXT\/?uri=CELEX%3A32016R0679\" target=\"_blank\" rel=\"noreferrer noopener\">General Data Protection Regulation (GDPR: 2016\/679)<\/a>, the data given in forms posted on the Website are required to enable the company to address the request and are intended for the services in charge of replying to requests and monitoring such requests. The data collected on this Website through the form will be kept for for the clients of INTRASENSE. After these periods, the personal data will be deleted or anonymised.<\/p>\n\n\n\n<p>In accordance with the&nbsp;<a href=\"https:\/\/eur-lex.europa.eu\/legal-content\/EN\/TXT\/?uri=CELEX%3A32016R0679\" target=\"_blank\" rel=\"noreferrer noopener\">General Data Protection Regulation (GDPR: 2016\/679)<\/a>, the user has a right to access, correct, update and erase data concerning him\/her and these rights can be exercised by contacting <a href=\"mailto:dpo@intrasense.fr\">dpo@intrasense.fr<\/a>, or by post at 1231 avenue du Mondial 98, 34000 Montpellier, France, specifying in the subject of the email or the letter \u201cDroits relatifs \u00e0 la protection de votre vie priv\u00e9e\u201d and attaching a copy of an identity document. The Website also provides you with a form to exercise your rights. Just click on the following link:&nbsp;<\/p>\n\n\n\n<div class=\"wp-block-buttons is-layout-flex wp-block-buttons-is-layout-flex\">\n<div class=\"wp-block-button\"><a class=\"wp-block-button__link wp-element-button\" href=\"www.intrasense.fr\/en\/gdpr-form\">GDPR Form<\/a><\/div>\n<\/div>\n\n\n\n<p>You also have the right to give instructions on the fate of your data after your death.<br>In accordance with the&nbsp;<a href=\"https:\/\/eur-lex.europa.eu\/legal-content\/EN\/TXT\/?uri=CELEX%3A32016R0679\" target=\"_blank\" rel=\"noreferrer noopener\">General Data Protection Regulation (GDPR: 2016\/679)<\/a>, the user may also object, for legitimate reasons, to his\/her data being processed , and without having to give a reason and at no cost, to his\/her data being used for commercial prospecting purposes.<\/p>\n\n\n\n<p>Website users are required to adhere to the terms of the&nbsp;<a href=\"https:\/\/eur-lex.europa.eu\/legal-content\/EN\/TXT\/?uri=CELEX%3A32016R0679\" target=\"_blank\" rel=\"noreferrer noopener\">General Data Protection Regulation (GDPR: 2016\/679)<\/a>, any breach of which may be punished as a criminal offence. In particular the user must abstain, in the case of particular data to which he or she has access, from any collection, inappropriate use and, generally speaking, any actions likely to interfere with other people\u2019s privacy or reputation.<\/p>\n\n\n\n<h2 class=\"wp-block-heading\">8 \u2013 Data Security<\/h2>\n\n\n\n<p>The Website uses Secure Socket Layer (SSL) protocol which is the most widely used protocol worldwide. It is used to secure and encrypt the information conveyed between INTRASENSE and the users of the website. The key to the success of SSL encryption is its incredible simplicity for users. Browsers are warned of the presence of the SSL security protocol when a padlock is displayed and the presence of the https protocol in the url. You can therefore securely send information to INTRASENSE.<\/p>\n\n\n\n<p>To protect the security and confidentiality of personal data, the Website uses networks protected by standard systems such as a firewall, pseudonymization, encryption, and passwords.<\/p>\n\n\n\n<p>When processing personal data, the Website takes all reasonable measures to protect it against loss, misuse, unauthorised access, disclosure, alteration or destruction.<\/p>\n\n\n\n<p>The information required to respond to user requests, such as surnames, first names, addresses, user emails, are indicated by an asterisk on the collection forms. If fields marked with an asterisk are not filled, INTRASENSE will not be able to process user requests.<\/p>\n\n\n\n<p>The subcontractor in data storage solution:<br>Salesforce CRM (Customer Relationship Management) manages interactions with customers and prospects and helps organisations streamline processes, build customer relationships and improve service.<\/p>\n\n\n\n<p>For online booking services, user data is stored on a centralised server hosted by the provider.<\/p>\n\n\n\n<h2 class=\"wp-block-heading\">9 \u2013 Booking and Payment System<\/h2>\n\n\n\n<h2 class=\"wp-block-heading\">10 \u2013 Cookies<\/h2>\n\n\n\n<p>When accessing the Website, a cookie may be automatically placed and stored temporarily in the user\u2019s browser software or on the user\u2019s hard drive.<\/p>\n\n\n\n<p>A cookie is a block of data that does not enable users to be identified but that is used to collect information on the user\u2019s browsing so as to facilitate use of the Site (such as the pages viewed, the date and the access time, etc.). The information collected on this site will be kept for dur\u00e9e de 13 mois. The browser software settings can inform the user about the presence of cookies and how they can refuse.<\/p>\n\n\n\n<p>The user has a right to access, withdraw and modify personal data communicated by means of the cookies under the conditions indicated above. Users have the right to oppose the recording of cookies by setting the appropriate parameters in their browser. However, this operation will delete all cookies used by the browser, including those used by other websites, and this may lead to the alteration or loss of certain settings or information. For more information, read our&nbsp;<a href=\"https:\/\/intrasense.fr\/en\/privacy-policy\/\">Cookie Policy.<\/a><\/p>\n\n\n\n<h2 class=\"wp-block-heading\">11 - Trademarks<\/h2>\n\n\n\n<p>Any of the INTRASENSE trademarks which may be displayed on the Website are the exclusive property of INTRASENSE. Any total or partial reproduction of these trademarks without prior specific authorisation from INTRASENSE is therefore prohibited.<\/p>\n\n\n\n<h2 class=\"wp-block-heading\">12 - Hyperlinks &amp; Backlinks<\/h2>\n\n\n\n<p>The hyperlinks set up as part of this Site leading to other resources on the Internet, cannot incur the liability of INTRASENSE. Users of the Site may not set up hyperlinks to this Site, without the explicit and prior authorisation of INTRASENSE.<\/p>\n\n\n\n<p>Following the explicit and prior authorization of INTRASENSE, the hyperlink&nbsp;<a href=\"https:\/\/intrasense.fr\">www.intrasense.fr<\/a>&nbsp;must be accompanied by a brief and precise descriptive text which informs the user of the advantages and precise nature of the activity of INTRASENSE. The link must be visible and may appear in the \"Partners\" tab of your website. To obtain the explicit and prior authorisation of INTRASENSE, you can contact us by email at&nbsp;<a href=\"mailto:support@intrasense.fr\">support@intrasense.fr<\/a>, or by post at 1231 avenue du Mondial 98, 34000 Montpellier, France, specifying in the subject of the email or the letter \u201cHyperlinks\u201d and attaching your URL website address and the location of the link.<\/p>\n\n\n\n<h2 class=\"wp-block-heading\">13 - Authorisation to reproduce content<\/h2>\n\n\n\n<p>For any information and request to reproduce content published on the Site (texts, graphics, illustrations, images, animated or not and sounds) regardless of the medium, the user is invited to submit their requests by email to&nbsp;<a href=\"mailto:support@intrasense.fr\">support@intrasense.fr<\/a>&nbsp;specifying in the subject of the email or the letter \u201cAuthorisation to reproduce content\" and indicating the part you wish to reproduce as well as the context of this request.<\/p>\n\n\n\n<h2 class=\"wp-block-heading\">14 - Privacy Policy<\/h2>\n\n\n\n<p>INTRASENSE respects your privacy and undertakes to protect it. This statement is intended to inform you of our privacy policy and practices, as well as the choices you can make about how your details are collected online and how they are used. The website and our business activities are governed by French law. In the event of a dispute arising out of your use of our website, only the French Courts are competent. For more information, see our&nbsp;<a href=\"http:\/\/legal.diadao.lan\/en\/privacy-policy\">Privacy Policy<\/a>.<\/p>\n\n\n\n<h2 class=\"wp-block-heading\">15 \u2013 Changes to the Website and the Terms &amp; Conditions<\/h2>\n\n\n\n<p>INTRASENSE endeavours to ensure to the best of its ability that the information published on the Site is accurate and up to date. The information contained on the Site is not contractual in nature and INTRASENSE reserves the right to change the content of the Site and these terms and conditions of use at any time without notice. These changes are binding on you and we recommend that you regularly consult the Site to read the general conditions of use in force. However, INTRASENSE cannot guarantee the accuracy, precision or completeness of the content available on the Site and invites the user to contact INTRASENSE directly.<\/p>\n\n\n\n<h2 class=\"wp-block-heading\">16 - The extrajudicial settlement of consumer disputes<\/h2>\n\n\n\n<p>In accordance with&nbsp;<a href=\"https:\/\/www.legifrance.gouv.fr\/affichCodeArticle.do?idArticle=LEGIARTI000032224805&amp;cidTexte=LEGITEXT000006069565\" target=\"_blank\" rel=\"noreferrer noopener\">article L.612-1 of the French Consumer Code<\/a>, every consumer has the right for free access to a consumer mediator to settle disputes with a professional out of court, i.e. in this specific case with INTRASENSE. For this purpose, INTRASENSE guarantees the consumer effective recourse to a consumer mediating system. The formalities by which the process of mediation is implemented are specified by decree from the Council of State.<\/p>\n\n\n\n<p><\/p>\n","protected":false},"excerpt":{"rendered":"<p>The use of this Website&nbsp;www.intrasense.fr&nbsp;(hereinafter the \u201cWebsite\u201d) implies full and unconditional acceptance of the Terms and Conditions set out below. These Terms and Conditions may be modified at any time. Users of the Website are advised to consult them regularly. The Website is normally accessible to users at all times. However, the Website may decide [&hellip;]<\/p>\n","protected":false},"author":1,"featured_media":0,"parent":0,"menu_order":47,"comment_status":"closed","ping_status":"closed","template":"","meta":{"_acf_changed":false,"inline_featured_image":false,"footnotes":""},"class_list":["post-3931","page","type-page","status-publish","hentry"],"acf":[],"yoast_head":"<!-- This site is optimized with the Yoast SEO plugin v27.3 - https:\/\/yoast.com\/product\/yoast-seo-wordpress\/ -->\n<title>~ Terms &amp; Conditions | Intrasense<\/title>\n<meta name=\"description\" content=\"Official Website \u2705 This website, accessible at the address https:\/\/intrasense.fr is the property of the company Intrasense.\" \/>\n<meta name=\"robots\" content=\"index, follow, max-snippet:-1, max-image-preview:large, max-video-preview:-1\" \/>\n<link rel=\"canonical\" href=\"https:\/\/intrasense.fr\/en\/terms-and-conditions\/\" \/>\n<meta property=\"og:locale\" content=\"en_US\" \/>\n<meta property=\"og:type\" content=\"article\" \/>\n<meta property=\"og:title\" content=\"~ Terms &amp; Conditions | Intrasense\" \/>\n<meta property=\"og:description\" content=\"Official Website \u2705 This website, accessible at the address https:\/\/intrasense.fr is the property of the company Intrasense.\" \/>\n<meta property=\"og:url\" content=\"https:\/\/intrasense.fr\/en\/terms-and-conditions\/\" \/>\n<meta property=\"og:site_name\" content=\"Intrasense\" \/>\n<meta property=\"article:modified_time\" content=\"2025-11-18T11:15:13+00:00\" \/>\n<meta name=\"twitter:card\" content=\"summary_large_image\" \/>\n<meta name=\"twitter:label1\" content=\"Est. reading time\" \/>\n\t<meta name=\"twitter:data1\" content=\"13 minutes\" \/>\n<script type=\"application\/ld+json\" class=\"yoast-schema-graph\">{\"@context\":\"https:\\\/\\\/schema.org\",\"@graph\":[{\"@type\":\"WebPage\",\"@id\":\"https:\\\/\\\/intrasense.fr\\\/en\\\/terms-and-conditions\\\/\",\"url\":\"https:\\\/\\\/intrasense.fr\\\/en\\\/terms-and-conditions\\\/\",\"name\":\"~ Terms & Conditions | Intrasense\",\"isPartOf\":{\"@id\":\"https:\\\/\\\/intrasense.fr\\\/fr\\\/#website\"},\"datePublished\":\"2022-10-03T07:41:30+00:00\",\"dateModified\":\"2025-11-18T11:15:13+00:00\",\"description\":\"Official Website \u2705 This website, accessible at the address https:\\\/\\\/intrasense.fr is the property of the company Intrasense.\",\"breadcrumb\":{\"@id\":\"https:\\\/\\\/intrasense.fr\\\/en\\\/terms-and-conditions\\\/#breadcrumb\"},\"inLanguage\":\"en-US\",\"potentialAction\":[{\"@type\":\"ReadAction\",\"target\":[\"https:\\\/\\\/intrasense.fr\\\/en\\\/terms-and-conditions\\\/\"]}]},{\"@type\":\"BreadcrumbList\",\"@id\":\"https:\\\/\\\/intrasense.fr\\\/en\\\/terms-and-conditions\\\/#breadcrumb\",\"itemListElement\":[{\"@type\":\"ListItem\",\"position\":1,\"name\":\"Home\",\"item\":\"https:\\\/\\\/intrasense.fr\\\/en\\\/\"},{\"@type\":\"ListItem\",\"position\":2,\"name\":\"Terms &amp; Conditions\"}]},{\"@type\":\"WebSite\",\"@id\":\"https:\\\/\\\/intrasense.fr\\\/fr\\\/#website\",\"url\":\"https:\\\/\\\/intrasense.fr\\\/fr\\\/\",\"name\":\"Intrasense\",\"description\":\"A website using WP\",\"potentialAction\":[{\"@type\":\"SearchAction\",\"target\":{\"@type\":\"EntryPoint\",\"urlTemplate\":\"https:\\\/\\\/intrasense.fr\\\/fr\\\/?s={search_term_string}\"},\"query-input\":{\"@type\":\"PropertyValueSpecification\",\"valueRequired\":true,\"valueName\":\"search_term_string\"}}],\"inLanguage\":\"en-US\"}]}<\/script>\n<!-- \/ Yoast SEO plugin. -->","yoast_head_json":{"title":"~ Terms & Conditions | Intrasense","description":"Official Website \u2705 This website, accessible at the address https:\/\/intrasense.fr is the property of the company Intrasense.","robots":{"index":"index","follow":"follow","max-snippet":"max-snippet:-1","max-image-preview":"max-image-preview:large","max-video-preview":"max-video-preview:-1"},"canonical":"https:\/\/intrasense.fr\/en\/terms-and-conditions\/","og_locale":"en_US","og_type":"article","og_title":"~ Terms & Conditions | Intrasense","og_description":"Official Website \u2705 This website, accessible at the address https:\/\/intrasense.fr is the property of the company Intrasense.","og_url":"https:\/\/intrasense.fr\/en\/terms-and-conditions\/","og_site_name":"Intrasense","article_modified_time":"2025-11-18T11:15:13+00:00","twitter_card":"summary_large_image","twitter_misc":{"Est. reading time":"13 minutes"},"schema":{"@context":"https:\/\/schema.org","@graph":[{"@type":"WebPage","@id":"https:\/\/intrasense.fr\/en\/terms-and-conditions\/","url":"https:\/\/intrasense.fr\/en\/terms-and-conditions\/","name":"~ Terms & Conditions | Intrasense","isPartOf":{"@id":"https:\/\/intrasense.fr\/fr\/#website"},"datePublished":"2022-10-03T07:41:30+00:00","dateModified":"2025-11-18T11:15:13+00:00","description":"Official Website \u2705 This website, accessible at the address https:\/\/intrasense.fr is the property of the company Intrasense.","breadcrumb":{"@id":"https:\/\/intrasense.fr\/en\/terms-and-conditions\/#breadcrumb"},"inLanguage":"en-US","potentialAction":[{"@type":"ReadAction","target":["https:\/\/intrasense.fr\/en\/terms-and-conditions\/"]}]},{"@type":"BreadcrumbList","@id":"https:\/\/intrasense.fr\/en\/terms-and-conditions\/#breadcrumb","itemListElement":[{"@type":"ListItem","position":1,"name":"Home","item":"https:\/\/intrasense.fr\/en\/"},{"@type":"ListItem","position":2,"name":"Terms &amp; Conditions"}]},{"@type":"WebSite","@id":"https:\/\/intrasense.fr\/fr\/#website","url":"https:\/\/intrasense.fr\/fr\/","name":"Intrasense","description":"A website using WP","potentialAction":[{"@type":"SearchAction","target":{"@type":"EntryPoint","urlTemplate":"https:\/\/intrasense.fr\/fr\/?s={search_term_string}"},"query-input":{"@type":"PropertyValueSpecification","valueRequired":true,"valueName":"search_term_string"}}],"inLanguage":"en-US"}]}},"_links":{"self":[{"href":"https:\/\/intrasense.fr\/en\/wp-json\/wp\/v2\/pages\/3931","targetHints":{"allow":["GET"]}}],"collection":[{"href":"https:\/\/intrasense.fr\/en\/wp-json\/wp\/v2\/pages"}],"about":[{"href":"https:\/\/intrasense.fr\/en\/wp-json\/wp\/v2\/types\/page"}],"author":[{"embeddable":true,"href":"https:\/\/intrasense.fr\/en\/wp-json\/wp\/v2\/users\/1"}],"replies":[{"embeddable":true,"href":"https:\/\/intrasense.fr\/en\/wp-json\/wp\/v2\/comments?post=3931"}],"version-history":[{"count":3,"href":"https:\/\/intrasense.fr\/en\/wp-json\/wp\/v2\/pages\/3931\/revisions"}],"predecessor-version":[{"id":8465,"href":"https:\/\/intrasense.fr\/en\/wp-json\/wp\/v2\/pages\/3931\/revisions\/8465"}],"wp:attachment":[{"href":"https:\/\/intrasense.fr\/en\/wp-json\/wp\/v2\/media?parent=3931"}],"curies":[{"name":"wp","href":"https:\/\/api.w.org\/{rel}","templated":true}]}}