{"id":1012,"date":"2022-09-26T17:25:26","date_gmt":"2022-09-26T15:25:26","guid":{"rendered":"https:\/\/intrasense.fr\/?page_id=1012"},"modified":"2024-04-09T17:52:59","modified_gmt":"2024-04-09T15:52:59","slug":"imagerie-de-la-femme-cancer-du-sein","status":"publish","type":"page","link":"https:\/\/intrasense.fr\/fr\/imagerie-de-la-femme-cancer-du-sein\/","title":{"rendered":"Imagerie de la femme"},"content":{"rendered":"","protected":false},"excerpt":{"rendered":"","protected":false},"author":1,"featured_media":0,"parent":0,"menu_order":45,"comment_status":"closed","ping_status":"closed","template":"","meta":{"_acf_changed":false,"inline_featured_image":false,"footnotes":""},"class_list":["post-1012","page","type-page","status-publish","hentry"],"acf":[],"yoast_head":"<!-- This site is optimized with the Yoast SEO plugin v27.5 - https:\/\/yoast.com\/product\/yoast-seo-wordpress\/ -->\n<title>Imagerie de La Femme | Imagerie Cancer du Sein | Intrasense<\/title>\n<meta name=\"description\" content=\"Site Officiel \u2705 R\u00e9alisez des mammographies, tomosynth\u00e8ses et imageries mammaires avanc\u00e9es avec Myrian\u00ae, et prot\u00e9gez-vous du cancer du sein.\" \/>\n<meta name=\"robots\" content=\"index, follow, max-snippet:-1, max-image-preview:large, max-video-preview:-1\" \/>\n<link rel=\"canonical\" href=\"https:\/\/intrasense.fr\/fr\/imagerie-de-la-femme-cancer-du-sein\/\" \/>\n<meta property=\"og:locale\" content=\"fr_FR\" \/>\n<meta property=\"og:type\" content=\"article\" \/>\n<meta property=\"og:title\" content=\"Imagerie de La Femme | Imagerie Cancer du Sein | Intrasense\" \/>\n<meta property=\"og:description\" content=\"Site Officiel \u2705 R\u00e9alisez des mammographies, tomosynth\u00e8ses et imageries mammaires avanc\u00e9es avec Myrian\u00ae, et prot\u00e9gez-vous du cancer du sein.\" \/>\n<meta property=\"og:url\" content=\"https:\/\/intrasense.fr\/fr\/imagerie-de-la-femme-cancer-du-sein\/\" \/>\n<meta property=\"og:site_name\" content=\"Intrasense\" \/>\n<meta property=\"article:modified_time\" content=\"2024-04-09T15:52:59+00:00\" \/>\n<meta name=\"twitter:card\" content=\"summary_large_image\" \/>\n<meta name=\"twitter:label1\" content=\"Dur\u00e9e de lecture estim\u00e9e\" \/>\n\t<meta name=\"twitter:data1\" content=\"1 minute\" \/>\n<script type=\"application\/ld+json\" class=\"yoast-schema-graph\">{\"@context\":\"https:\\\/\\\/schema.org\",\"@graph\":[{\"@type\":\"WebPage\",\"@id\":\"https:\\\/\\\/intrasense.fr\\\/fr\\\/imagerie-de-la-femme-cancer-du-sein\\\/\",\"url\":\"https:\\\/\\\/intrasense.fr\\\/fr\\\/imagerie-de-la-femme-cancer-du-sein\\\/\",\"name\":\"Imagerie de La Femme | Imagerie Cancer du Sein | Intrasense\",\"isPartOf\":{\"@id\":\"https:\\\/\\\/intrasense.fr\\\/fr\\\/#website\"},\"datePublished\":\"2022-09-26T15:25:26+00:00\",\"dateModified\":\"2024-04-09T15:52:59+00:00\",\"description\":\"Site Officiel \u2705 R\u00e9alisez des mammographies, tomosynth\u00e8ses et imageries mammaires avanc\u00e9es avec Myrian\u00ae, et prot\u00e9gez-vous du cancer du sein.\",\"breadcrumb\":{\"@id\":\"https:\\\/\\\/intrasense.fr\\\/fr\\\/imagerie-de-la-femme-cancer-du-sein\\\/#breadcrumb\"},\"inLanguage\":\"fr-FR\",\"potentialAction\":[{\"@type\":\"ReadAction\",\"target\":[\"https:\\\/\\\/intrasense.fr\\\/fr\\\/imagerie-de-la-femme-cancer-du-sein\\\/\"]}]},{\"@type\":\"BreadcrumbList\",\"@id\":\"https:\\\/\\\/intrasense.fr\\\/fr\\\/imagerie-de-la-femme-cancer-du-sein\\\/#breadcrumb\",\"itemListElement\":[{\"@type\":\"ListItem\",\"position\":1,\"name\":\"Home\",\"item\":\"https:\\\/\\\/intrasense.fr\\\/fr\\\/\"},{\"@type\":\"ListItem\",\"position\":2,\"name\":\"Imagerie de la femme\"}]},{\"@type\":\"WebSite\",\"@id\":\"https:\\\/\\\/intrasense.fr\\\/fr\\\/#website\",\"url\":\"https:\\\/\\\/intrasense.fr\\\/fr\\\/\",\"name\":\"Intrasense\",\"description\":\"\",\"potentialAction\":[{\"@type\":\"SearchAction\",\"target\":{\"@type\":\"EntryPoint\",\"urlTemplate\":\"https:\\\/\\\/intrasense.fr\\\/fr\\\/?s={search_term_string}\"},\"query-input\":{\"@type\":\"PropertyValueSpecification\",\"valueRequired\":true,\"valueName\":\"search_term_string\"}}],\"inLanguage\":\"fr-FR\"}]}<\/script>\n<!-- \/ Yoast SEO plugin. -->","yoast_head_json":{"title":"Imagerie de La Femme | Imagerie Cancer du Sein | Intrasense","description":"Site Officiel \u2705 R\u00e9alisez des mammographies, tomosynth\u00e8ses et imageries mammaires avanc\u00e9es avec Myrian\u00ae, et prot\u00e9gez-vous du cancer du sein.","robots":{"index":"index","follow":"follow","max-snippet":"max-snippet:-1","max-image-preview":"max-image-preview:large","max-video-preview":"max-video-preview:-1"},"canonical":"https:\/\/intrasense.fr\/fr\/imagerie-de-la-femme-cancer-du-sein\/","og_locale":"fr_FR","og_type":"article","og_title":"Imagerie de La Femme | Imagerie Cancer du Sein | Intrasense","og_description":"Site Officiel \u2705 R\u00e9alisez des mammographies, tomosynth\u00e8ses et imageries mammaires avanc\u00e9es avec Myrian\u00ae, et prot\u00e9gez-vous du cancer du sein.","og_url":"https:\/\/intrasense.fr\/fr\/imagerie-de-la-femme-cancer-du-sein\/","og_site_name":"Intrasense","article_modified_time":"2024-04-09T15:52:59+00:00","twitter_card":"summary_large_image","twitter_misc":{"Dur\u00e9e de lecture estim\u00e9e":"1 minute"},"schema":{"@context":"https:\/\/schema.org","@graph":[{"@type":"WebPage","@id":"https:\/\/intrasense.fr\/fr\/imagerie-de-la-femme-cancer-du-sein\/","url":"https:\/\/intrasense.fr\/fr\/imagerie-de-la-femme-cancer-du-sein\/","name":"Imagerie de La Femme | Imagerie Cancer du Sein | Intrasense","isPartOf":{"@id":"https:\/\/intrasense.fr\/fr\/#website"},"datePublished":"2022-09-26T15:25:26+00:00","dateModified":"2024-04-09T15:52:59+00:00","description":"Site Officiel \u2705 R\u00e9alisez des mammographies, tomosynth\u00e8ses et imageries mammaires avanc\u00e9es avec Myrian\u00ae, et prot\u00e9gez-vous du cancer du sein.","breadcrumb":{"@id":"https:\/\/intrasense.fr\/fr\/imagerie-de-la-femme-cancer-du-sein\/#breadcrumb"},"inLanguage":"fr-FR","potentialAction":[{"@type":"ReadAction","target":["https:\/\/intrasense.fr\/fr\/imagerie-de-la-femme-cancer-du-sein\/"]}]},{"@type":"BreadcrumbList","@id":"https:\/\/intrasense.fr\/fr\/imagerie-de-la-femme-cancer-du-sein\/#breadcrumb","itemListElement":[{"@type":"ListItem","position":1,"name":"Home","item":"https:\/\/intrasense.fr\/fr\/"},{"@type":"ListItem","position":2,"name":"Imagerie de la femme"}]},{"@type":"WebSite","@id":"https:\/\/intrasense.fr\/fr\/#website","url":"https:\/\/intrasense.fr\/fr\/","name":"Intrasense","description":"","potentialAction":[{"@type":"SearchAction","target":{"@type":"EntryPoint","urlTemplate":"https:\/\/intrasense.fr\/fr\/?s={search_term_string}"},"query-input":{"@type":"PropertyValueSpecification","valueRequired":true,"valueName":"search_term_string"}}],"inLanguage":"fr-FR"}]}},"_links":{"self":[{"href":"https:\/\/intrasense.fr\/fr\/wp-json\/wp\/v2\/pages\/1012","targetHints":{"allow":["GET"]}}],"collection":[{"href":"https:\/\/intrasense.fr\/fr\/wp-json\/wp\/v2\/pages"}],"about":[{"href":"https:\/\/intrasense.fr\/fr\/wp-json\/wp\/v2\/types\/page"}],"author":[{"embeddable":true,"href":"https:\/\/intrasense.fr\/fr\/wp-json\/wp\/v2\/users\/1"}],"replies":[{"embeddable":true,"href":"https:\/\/intrasense.fr\/fr\/wp-json\/wp\/v2\/comments?post=1012"}],"version-history":[{"count":3,"href":"https:\/\/intrasense.fr\/fr\/wp-json\/wp\/v2\/pages\/1012\/revisions"}],"predecessor-version":[{"id":6481,"href":"https:\/\/intrasense.fr\/fr\/wp-json\/wp\/v2\/pages\/1012\/revisions\/6481"}],"wp:attachment":[{"href":"https:\/\/intrasense.fr\/fr\/wp-json\/wp\/v2\/media?parent=1012"}],"curies":[{"name":"wp","href":"https:\/\/api.w.org\/{rel}","templated":true}]}}