{"id":1059,"date":"2022-09-30T11:11:42","date_gmt":"2022-09-30T09:11:42","guid":{"rendered":"https:\/\/intrasense.fr\/?page_id=1059"},"modified":"2022-12-14T10:14:27","modified_gmt":"2022-12-14T09:14:27","slug":"communiques-de-presse","status":"publish","type":"page","link":"https:\/\/intrasense.fr\/fr\/communiques-de-presse\/","title":{"rendered":"Communiqu\u00e9s de presse"},"content":{"rendered":"","protected":false},"excerpt":{"rendered":"","protected":false},"author":1,"featured_media":0,"parent":0,"menu_order":17,"comment_status":"closed","ping_status":"closed","template":"","meta":{"_acf_changed":false,"inline_featured_image":false,"footnotes":""},"class_list":["post-1059","page","type-page","status-publish","hentry"],"acf":[],"yoast_head":"<!-- This site is optimized with the Yoast SEO plugin v27.3 - https:\/\/yoast.com\/product\/yoast-seo-wordpress\/ -->\n<title>Intrasense | Nos actualit\u00e9s : communiqu\u00e9s de presse<\/title>\n<meta name=\"description\" content=\"Site Officiel \u2705 D\u00e9couvrez nos derniers communiqu\u00e9s de presse pr\u00e9sentant nos innovations en imagerie m\u00e9dicale et nos r\u00e9sultats financiers.\" \/>\n<meta name=\"robots\" content=\"index, follow, max-snippet:-1, max-image-preview:large, max-video-preview:-1\" \/>\n<link rel=\"canonical\" href=\"https:\/\/intrasense.fr\/fr\/communiques-de-presse\/\" \/>\n<meta property=\"og:locale\" content=\"fr_FR\" \/>\n<meta property=\"og:type\" content=\"article\" \/>\n<meta property=\"og:title\" content=\"Intrasense | Nos actualit\u00e9s : communiqu\u00e9s de presse\" \/>\n<meta property=\"og:description\" content=\"Site Officiel \u2705 D\u00e9couvrez nos derniers communiqu\u00e9s de presse pr\u00e9sentant nos innovations en imagerie m\u00e9dicale et nos r\u00e9sultats financiers.\" \/>\n<meta property=\"og:url\" content=\"https:\/\/intrasense.fr\/fr\/communiques-de-presse\/\" \/>\n<meta property=\"og:site_name\" content=\"Intrasense\" \/>\n<meta property=\"article:modified_time\" content=\"2022-12-14T09:14:27+00:00\" \/>\n<meta name=\"twitter:card\" content=\"summary_large_image\" \/>\n<script type=\"application\/ld+json\" class=\"yoast-schema-graph\">{\"@context\":\"https:\\\/\\\/schema.org\",\"@graph\":[{\"@type\":\"WebPage\",\"@id\":\"https:\\\/\\\/intrasense.fr\\\/fr\\\/communiques-de-presse\\\/\",\"url\":\"https:\\\/\\\/intrasense.fr\\\/fr\\\/communiques-de-presse\\\/\",\"name\":\"Intrasense | Nos actualit\u00e9s : communiqu\u00e9s de presse\",\"isPartOf\":{\"@id\":\"https:\\\/\\\/intrasense.fr\\\/fr\\\/#website\"},\"datePublished\":\"2022-09-30T09:11:42+00:00\",\"dateModified\":\"2022-12-14T09:14:27+00:00\",\"description\":\"Site Officiel \u2705 D\u00e9couvrez nos derniers communiqu\u00e9s de presse pr\u00e9sentant nos innovations en imagerie m\u00e9dicale et nos r\u00e9sultats financiers.\",\"breadcrumb\":{\"@id\":\"https:\\\/\\\/intrasense.fr\\\/fr\\\/communiques-de-presse\\\/#breadcrumb\"},\"inLanguage\":\"fr-FR\",\"potentialAction\":[{\"@type\":\"ReadAction\",\"target\":[\"https:\\\/\\\/intrasense.fr\\\/fr\\\/communiques-de-presse\\\/\"]}]},{\"@type\":\"BreadcrumbList\",\"@id\":\"https:\\\/\\\/intrasense.fr\\\/fr\\\/communiques-de-presse\\\/#breadcrumb\",\"itemListElement\":[{\"@type\":\"ListItem\",\"position\":1,\"name\":\"Home\",\"item\":\"https:\\\/\\\/intrasense.fr\\\/fr\\\/\"},{\"@type\":\"ListItem\",\"position\":2,\"name\":\"Communiqu\u00e9s de presse\"}]},{\"@type\":\"WebSite\",\"@id\":\"https:\\\/\\\/intrasense.fr\\\/fr\\\/#website\",\"url\":\"https:\\\/\\\/intrasense.fr\\\/fr\\\/\",\"name\":\"Intrasense\",\"description\":\"\",\"potentialAction\":[{\"@type\":\"SearchAction\",\"target\":{\"@type\":\"EntryPoint\",\"urlTemplate\":\"https:\\\/\\\/intrasense.fr\\\/fr\\\/?s={search_term_string}\"},\"query-input\":{\"@type\":\"PropertyValueSpecification\",\"valueRequired\":true,\"valueName\":\"search_term_string\"}}],\"inLanguage\":\"fr-FR\"}]}<\/script>\n<!-- \/ Yoast SEO plugin. -->","yoast_head_json":{"title":"Intrasense | Nos actualit\u00e9s : communiqu\u00e9s de presse","description":"Site Officiel \u2705 D\u00e9couvrez nos derniers communiqu\u00e9s de presse pr\u00e9sentant nos innovations en imagerie m\u00e9dicale et nos r\u00e9sultats financiers.","robots":{"index":"index","follow":"follow","max-snippet":"max-snippet:-1","max-image-preview":"max-image-preview:large","max-video-preview":"max-video-preview:-1"},"canonical":"https:\/\/intrasense.fr\/fr\/communiques-de-presse\/","og_locale":"fr_FR","og_type":"article","og_title":"Intrasense | Nos actualit\u00e9s : communiqu\u00e9s de presse","og_description":"Site Officiel \u2705 D\u00e9couvrez nos derniers communiqu\u00e9s de presse pr\u00e9sentant nos innovations en imagerie m\u00e9dicale et nos r\u00e9sultats financiers.","og_url":"https:\/\/intrasense.fr\/fr\/communiques-de-presse\/","og_site_name":"Intrasense","article_modified_time":"2022-12-14T09:14:27+00:00","twitter_card":"summary_large_image","schema":{"@context":"https:\/\/schema.org","@graph":[{"@type":"WebPage","@id":"https:\/\/intrasense.fr\/fr\/communiques-de-presse\/","url":"https:\/\/intrasense.fr\/fr\/communiques-de-presse\/","name":"Intrasense | Nos actualit\u00e9s : communiqu\u00e9s de presse","isPartOf":{"@id":"https:\/\/intrasense.fr\/fr\/#website"},"datePublished":"2022-09-30T09:11:42+00:00","dateModified":"2022-12-14T09:14:27+00:00","description":"Site Officiel \u2705 D\u00e9couvrez nos derniers communiqu\u00e9s de presse pr\u00e9sentant nos innovations en imagerie m\u00e9dicale et nos r\u00e9sultats financiers.","breadcrumb":{"@id":"https:\/\/intrasense.fr\/fr\/communiques-de-presse\/#breadcrumb"},"inLanguage":"fr-FR","potentialAction":[{"@type":"ReadAction","target":["https:\/\/intrasense.fr\/fr\/communiques-de-presse\/"]}]},{"@type":"BreadcrumbList","@id":"https:\/\/intrasense.fr\/fr\/communiques-de-presse\/#breadcrumb","itemListElement":[{"@type":"ListItem","position":1,"name":"Home","item":"https:\/\/intrasense.fr\/fr\/"},{"@type":"ListItem","position":2,"name":"Communiqu\u00e9s de presse"}]},{"@type":"WebSite","@id":"https:\/\/intrasense.fr\/fr\/#website","url":"https:\/\/intrasense.fr\/fr\/","name":"Intrasense","description":"","potentialAction":[{"@type":"SearchAction","target":{"@type":"EntryPoint","urlTemplate":"https:\/\/intrasense.fr\/fr\/?s={search_term_string}"},"query-input":{"@type":"PropertyValueSpecification","valueRequired":true,"valueName":"search_term_string"}}],"inLanguage":"fr-FR"}]}},"_links":{"self":[{"href":"https:\/\/intrasense.fr\/fr\/wp-json\/wp\/v2\/pages\/1059","targetHints":{"allow":["GET"]}}],"collection":[{"href":"https:\/\/intrasense.fr\/fr\/wp-json\/wp\/v2\/pages"}],"about":[{"href":"https:\/\/intrasense.fr\/fr\/wp-json\/wp\/v2\/types\/page"}],"author":[{"embeddable":true,"href":"https:\/\/intrasense.fr\/fr\/wp-json\/wp\/v2\/users\/1"}],"replies":[{"embeddable":true,"href":"https:\/\/intrasense.fr\/fr\/wp-json\/wp\/v2\/comments?post=1059"}],"version-history":[{"count":0,"href":"https:\/\/intrasense.fr\/fr\/wp-json\/wp\/v2\/pages\/1059\/revisions"}],"wp:attachment":[{"href":"https:\/\/intrasense.fr\/fr\/wp-json\/wp\/v2\/media?parent=1059"}],"curies":[{"name":"wp","href":"https:\/\/api.w.org\/{rel}","templated":true}]}}