{"id":1187,"date":"2022-10-03T09:41:30","date_gmt":"2022-10-03T07:41:30","guid":{"rendered":"https:\/\/intrasense.fr\/?page_id=1187"},"modified":"2022-11-17T14:50:36","modified_gmt":"2022-11-17T13:50:36","slug":"plan-de-site-intelligence-artifcielle-medecine","status":"publish","type":"page","link":"https:\/\/intrasense.fr\/fr\/plan-de-site-intelligence-artifcielle-medecine\/","title":{"rendered":"Plan de site"},"content":{"rendered":"<div class=\"wsp-container\"><h2 class=\"wsp-pages-title\">Pages<\/h2>\n<ul class=\"wsp-pages-list\">\n<li class=\"page_item page-item-6302\"><a href=\"https:\/\/intrasense.fr\/fr\/aucun-acces\/\">Aucun acc\u00e8s<\/a><\/li>\n<li class=\"page_item page-item-4909\"><a href=\"https:\/\/intrasense.fr\/fr\/avis-important\/\">Avis important<\/a><\/li>\n<li class=\"page_item page-item-8282\"><a href=\"https:\/\/intrasense.fr\/fr\/documentation-utilisateur-duonco-bone\/\">Documentation utilisateur DUOnco Bone<\/a><\/li>\n<li class=\"page_item page-item-8279\"><a href=\"https:\/\/intrasense.fr\/fr\/documentation-utilisateur-duonco-liver\/\">Documentation utilisateur DUOnco Liver<\/a><\/li>\n<li class=\"page_item page-item-8015\"><a href=\"https:\/\/intrasense.fr\/fr\/doc-utilisateur-duonco-pancreas\/\">Documentation utilisateur DUOnco Pancreas<\/a><\/li>\n<li class=\"page_item page-item-7345\"><a href=\"https:\/\/intrasense.fr\/fr\/documentation-utilisateur-liflow\/\">Documentation utilisateur Liflow<\/a><\/li>\n<li class=\"page_item page-item-7478\"><a href=\"https:\/\/intrasense.fr\/fr\/documentation-utilisateur-liflow-2-0\/\">Documentation utilisateur Liflow 2.0<\/a><\/li>\n<li class=\"page_item page-item-7050\"><a href=\"https:\/\/intrasense.fr\/fr\/documentation-utilisateur-myrian-2-12\/\">Documentation utilisateur Myrian 2.12<\/a><\/li>\n<li class=\"page_item page-item-7455\"><a href=\"https:\/\/intrasense.fr\/fr\/documentation-utilisateur-myrian-2-13\/\">Documentation utilisateur Myrian 2.13<\/a><\/li>\n<li class=\"page_item page-item-7783\"><a href=\"https:\/\/intrasense.fr\/fr\/documentation-utilisateur-myrian-2-14\/\">Documentation utilisateur Myrian 2.14<\/a><\/li>\n<li class=\"page_item page-item-5079\"><a href=\"https:\/\/intrasense.fr\/fr\/documentation-utilisateur-myrian-2-9\/\">Documentation utilisateur Myrian 2.9<\/a><\/li>\n<li class=\"page_item page-item-6682\"><a href=\"https:\/\/intrasense.fr\/fr\/intrasense-filiale-guerbet-ia\/\">Intrasense, filiale Guerbet<\/a><\/li>\n<li class=\"page_item page-item-4800\"><a href=\"https:\/\/intrasense.fr\/fr\/offre-publique-achat\/\">Offre publique d'achat Guerbet<\/a><\/li>\n<li class=\"page_item page-item-837\"><a href=\"https:\/\/intrasense.fr\/fr\/\">Accueil<\/a><\/li>\n<li class=\"page_item page-item-7911\"><a href=\"https:\/\/intrasense.fr\/fr\/imagerie-oncologique-duonco\/\">DUOnco<\/a><\/li>\n<li class=\"page_item page-item-8466\"><a href=\"https:\/\/intrasense.fr\/fr\/livre-blanc-duonco-pancreas-imagerie-pancreatique-ia\/\">Livre Blanc : DUOnco\u2122 Pancreas<\/a><\/li>\n<li class=\"page_item page-item-877\"><a href=\"https:\/\/intrasense.fr\/fr\/plateforme-myrian-logiciel-d-imagerie\/\">Plateforme Myrian<\/a><\/li>\n<li class=\"page_item page-item-6083\"><a href=\"https:\/\/intrasense.fr\/fr\/solution-liflow-imagerie-oncologique\/\">Solution Liflow<\/a><\/li>\n<li class=\"page_item page-item-982\"><a href=\"https:\/\/intrasense.fr\/fr\/investisseurs-logiciel-imagerie\/\">Investisseurs<\/a><\/li>\n<li class=\"page_item page-item-892\"><a href=\"https:\/\/intrasense.fr\/fr\/a-propos-de-nous-logiciel-irm\/\">A propos de nous<\/a><\/li>\n<li class=\"page_item page-item-921\"><a href=\"https:\/\/intrasense.fr\/fr\/nous-rejoindre-logiciel-imagerie-medicale\/\">Nous rejoindre<\/a><\/li>\n<li class=\"page_item page-item-933\"><a href=\"https:\/\/intrasense.fr\/fr\/contact-radiologie-et-imagerie-medicale\/\">Contact<\/a><\/li>\n<li class=\"page_item page-item-936\"><a href=\"https:\/\/intrasense.fr\/fr\/actualites-intelligence-artificielle-medecine\/\">Actualit\u00e9s<\/a><\/li>\n<li class=\"page_item page-item-4662\"><a href=\"https:\/\/intrasense.fr\/fr\/articles\/\">Articles<\/a><\/li>\n<li class=\"page_item page-item-947\"><a href=\"https:\/\/intrasense.fr\/fr\/webinars-podcasts\/\">Webinars - Podcasts<\/a><\/li>\n<li class=\"page_item page-item-1059\"><a href=\"https:\/\/intrasense.fr\/fr\/communiques-de-presse\/\">Communiqu\u00e9s de presse<\/a><\/li>\n<li class=\"page_item page-item-1054\"><a href=\"https:\/\/intrasense.fr\/fr\/nos-congres\/\">Nos congr\u00e8s<\/a><\/li>\n<li class=\"page_item page-item-1057\"><a href=\"https:\/\/intrasense.fr\/fr\/comptes-et-rapports-financiers\/\">Comptes et rapports financiers<\/a><\/li>\n<li class=\"page_item page-item-1481\"><a href=\"https:\/\/intrasense.fr\/fr\/assemblees-generales-2017\/\">Assembl\u00e9es G\u00e9n\u00e9rales 2017<\/a><\/li>\n<li class=\"page_item page-item-1477\"><a href=\"https:\/\/intrasense.fr\/fr\/assemblees-generales-2018\/\">Assembl\u00e9es G\u00e9n\u00e9rales 2018<\/a><\/li>\n<li class=\"page_item page-item-1472\"><a href=\"https:\/\/intrasense.fr\/fr\/assemblees-generales-2019\/\">Assembl\u00e9es G\u00e9n\u00e9rales 2019<\/a><\/li>\n<li class=\"page_item page-item-950\"><a href=\"https:\/\/intrasense.fr\/fr\/assemblees-generales-2020\/\">Assembl\u00e9es G\u00e9n\u00e9rales 2020<\/a><\/li>\n<li class=\"page_item page-item-1489\"><a href=\"https:\/\/intrasense.fr\/fr\/assemblees-generales-2021\/\">Assembl\u00e9es G\u00e9n\u00e9rales 2021<\/a><\/li>\n<li class=\"page_item page-item-5179\"><a href=\"https:\/\/intrasense.fr\/fr\/assemblees-generales-2023\/\">Assembl\u00e9e G\u00e9n\u00e9rale 2023<\/a><\/li>\n<li class=\"page_item page-item-6797\"><a href=\"https:\/\/intrasense.fr\/fr\/assemblee-generale-2024\/\">Assembl\u00e9e G\u00e9n\u00e9rale 2024<\/a><\/li>\n<li class=\"page_item page-item-8048\"><a href=\"https:\/\/intrasense.fr\/fr\/assemblee-generale-2025\/\">Assembl\u00e9e G\u00e9n\u00e9rale 2025<\/a><\/li>\n<li class=\"page_item page-item-1331\"><a href=\"https:\/\/intrasense.fr\/fr\/assemblees-generales-2022\/\">Assembl\u00e9es G\u00e9n\u00e9rales 2022<\/a><\/li>\n<li class=\"page_item page-item-1061\"><a href=\"https:\/\/intrasense.fr\/fr\/titres-ocabsa-et-oca\/\">Titres OCABSA et OCA<\/a><\/li>\n<li class=\"page_item page-item-972\"><a href=\"https:\/\/intrasense.fr\/fr\/tete-cou-irm-avc\/\">T\u00eate et cou<\/a><\/li>\n<li class=\"page_item page-item-974\"><a href=\"https:\/\/intrasense.fr\/fr\/cardiovasculaire-irm-vasculaire\/\">Cardiovasculaire<\/a><\/li>\n<li class=\"page_item page-item-976\"><a href=\"https:\/\/intrasense.fr\/fr\/abdomen-irm-abdominal\/\">Abdomen<\/a><\/li>\n<li class=\"page_item page-item-7656\"><a href=\"https:\/\/intrasense.fr\/fr\/prostate\/\">Prostate<\/a><\/li>\n<li class=\"page_item page-item-955\"><a href=\"https:\/\/intrasense.fr\/fr\/poumons-irm\/\">Poumons<\/a><\/li>\n<li class=\"page_item page-item-1012\"><a href=\"https:\/\/intrasense.fr\/fr\/imagerie-de-la-femme-cancer-du-sein\/\">Imagerie de la femme<\/a><\/li>\n<li class=\"page_item page-item-1159\"><a href=\"https:\/\/intrasense.fr\/fr\/conditions-generales-d-utilisation\/\">Conditions G\u00e9n\u00e9rales d'Utilisation<\/a><\/li>\n<li class=\"page_item page-item-1185\"><a href=\"https:\/\/intrasense.fr\/fr\/formulaire-rgpd\/\">Droits Relatifs \u00e0 la Protection de votre Vie Priv\u00e9e<\/a><\/li>\n<li class=\"page_item page-item-7064\"><a href=\"https:\/\/intrasense.fr\/fr\/mentions-legales-produits-intrasense\/\">Mentions l\u00e9gales - produits Intrasense<\/a><\/li>\n<li class=\"page_item page-item-1181\"><a href=\"https:\/\/intrasense.fr\/fr\/politique-de-confidentialite\/\">Politique de Confidentialit\u00e9<\/a><\/li>\n<li class=\"page_item page-item-1183\"><a href=\"https:\/\/intrasense.fr\/fr\/politique-en-matiere-de-cookies\/\">Politique en mati\u00e8re de Cookies<\/a><\/li>\n<li class=\"page_item page-item-1187\"><a href=\"https:\/\/intrasense.fr\/fr\/plan-de-site-intelligence-artifcielle-medecine\/\">Plan de site<\/a><\/li>\n<\/ul>\n<\/div>\n","protected":false},"excerpt":{"rendered":"","protected":false},"author":1,"featured_media":0,"parent":0,"menu_order":51,"comment_status":"closed","ping_status":"closed","template":"","meta":{"_acf_changed":false,"inline_featured_image":false,"footnotes":""},"class_list":["post-1187","page","type-page","status-publish","hentry"],"acf":[],"yoast_head":"<!-- This site is optimized with the Yoast SEO plugin v27.2 - https:\/\/yoast.com\/product\/yoast-seo-wordpress\/ -->\n<title>~ Plan de site | Intelligence Artificielle en M\u00e9decine | Intrasense<\/title>\n<meta name=\"description\" content=\"Site Officiel \u2705 Retrouvez l&#039;ensemble des pages pr\u00e9sentes sur le site web https:\/\/intrasense.fr de notre intelligence artificielle en m\u00e9decine.\" \/>\n<meta name=\"robots\" content=\"index, follow, max-snippet:-1, max-image-preview:large, max-video-preview:-1\" \/>\n<link rel=\"canonical\" href=\"https:\/\/intrasense.fr\/fr\/plan-de-site-intelligence-artifcielle-medecine\/\" \/>\n<meta property=\"og:locale\" content=\"fr_FR\" \/>\n<meta property=\"og:type\" content=\"article\" \/>\n<meta property=\"og:title\" content=\"~ Plan de site | Intelligence Artificielle en M\u00e9decine | Intrasense\" \/>\n<meta property=\"og:description\" content=\"Site Officiel \u2705 Retrouvez l&#039;ensemble des pages pr\u00e9sentes sur le site web https:\/\/intrasense.fr de notre intelligence artificielle en m\u00e9decine.\" \/>\n<meta property=\"og:url\" content=\"https:\/\/intrasense.fr\/fr\/plan-de-site-intelligence-artifcielle-medecine\/\" \/>\n<meta property=\"og:site_name\" content=\"Intrasense\" \/>\n<meta property=\"article:modified_time\" content=\"2022-11-17T13:50:36+00:00\" \/>\n<meta name=\"twitter:card\" content=\"summary_large_image\" \/>\n<meta name=\"twitter:label1\" content=\"Dur\u00e9e de lecture estim\u00e9e\" \/>\n\t<meta name=\"twitter:data1\" content=\"1 minute\" \/>\n<script type=\"application\/ld+json\" class=\"yoast-schema-graph\">{\"@context\":\"https:\/\/schema.org\",\"@graph\":[{\"@type\":\"WebPage\",\"@id\":\"https:\/\/intrasense.fr\/fr\/plan-de-site-intelligence-artifcielle-medecine\/\",\"url\":\"https:\/\/intrasense.fr\/fr\/plan-de-site-intelligence-artifcielle-medecine\/\",\"name\":\"~ Plan de site | Intelligence Artificielle en M\u00e9decine | Intrasense\",\"isPartOf\":{\"@id\":\"https:\/\/intrasense.fr\/fr\/#website\"},\"datePublished\":\"2022-10-03T07:41:30+00:00\",\"dateModified\":\"2022-11-17T13:50:36+00:00\",\"description\":\"Site Officiel \u2705 Retrouvez l'ensemble des pages pr\u00e9sentes sur le site web https:\/\/intrasense.fr de notre intelligence artificielle en m\u00e9decine.\",\"breadcrumb\":{\"@id\":\"https:\/\/intrasense.fr\/fr\/plan-de-site-intelligence-artifcielle-medecine\/#breadcrumb\"},\"inLanguage\":\"fr-FR\",\"potentialAction\":[{\"@type\":\"ReadAction\",\"target\":[\"https:\/\/intrasense.fr\/fr\/plan-de-site-intelligence-artifcielle-medecine\/\"]}]},{\"@type\":\"BreadcrumbList\",\"@id\":\"https:\/\/intrasense.fr\/fr\/plan-de-site-intelligence-artifcielle-medecine\/#breadcrumb\",\"itemListElement\":[{\"@type\":\"ListItem\",\"position\":1,\"name\":\"Home\",\"item\":\"https:\/\/intrasense.fr\/fr\/\"},{\"@type\":\"ListItem\",\"position\":2,\"name\":\"Plan de site\"}]},{\"@type\":\"WebSite\",\"@id\":\"https:\/\/intrasense.fr\/fr\/#website\",\"url\":\"https:\/\/intrasense.fr\/fr\/\",\"name\":\"Intrasense\",\"description\":\"\",\"potentialAction\":[{\"@type\":\"SearchAction\",\"target\":{\"@type\":\"EntryPoint\",\"urlTemplate\":\"https:\/\/intrasense.fr\/fr\/?s={search_term_string}\"},\"query-input\":{\"@type\":\"PropertyValueSpecification\",\"valueRequired\":true,\"valueName\":\"search_term_string\"}}],\"inLanguage\":\"fr-FR\"}]}<\/script>\n<!-- \/ Yoast SEO plugin. -->","yoast_head_json":{"title":"~ Plan de site | Intelligence Artificielle en M\u00e9decine | Intrasense","description":"Site Officiel \u2705 Retrouvez l'ensemble des pages pr\u00e9sentes sur le site web https:\/\/intrasense.fr de notre intelligence artificielle en m\u00e9decine.","robots":{"index":"index","follow":"follow","max-snippet":"max-snippet:-1","max-image-preview":"max-image-preview:large","max-video-preview":"max-video-preview:-1"},"canonical":"https:\/\/intrasense.fr\/fr\/plan-de-site-intelligence-artifcielle-medecine\/","og_locale":"fr_FR","og_type":"article","og_title":"~ Plan de site | Intelligence Artificielle en M\u00e9decine | Intrasense","og_description":"Site Officiel \u2705 Retrouvez l'ensemble des pages pr\u00e9sentes sur le site web https:\/\/intrasense.fr de notre intelligence artificielle en m\u00e9decine.","og_url":"https:\/\/intrasense.fr\/fr\/plan-de-site-intelligence-artifcielle-medecine\/","og_site_name":"Intrasense","article_modified_time":"2022-11-17T13:50:36+00:00","twitter_card":"summary_large_image","twitter_misc":{"Dur\u00e9e de lecture estim\u00e9e":"1 minute"},"schema":{"@context":"https:\/\/schema.org","@graph":[{"@type":"WebPage","@id":"https:\/\/intrasense.fr\/fr\/plan-de-site-intelligence-artifcielle-medecine\/","url":"https:\/\/intrasense.fr\/fr\/plan-de-site-intelligence-artifcielle-medecine\/","name":"~ Plan de site | Intelligence Artificielle en M\u00e9decine | Intrasense","isPartOf":{"@id":"https:\/\/intrasense.fr\/fr\/#website"},"datePublished":"2022-10-03T07:41:30+00:00","dateModified":"2022-11-17T13:50:36+00:00","description":"Site Officiel \u2705 Retrouvez l'ensemble des pages pr\u00e9sentes sur le site web https:\/\/intrasense.fr de notre intelligence artificielle en m\u00e9decine.","breadcrumb":{"@id":"https:\/\/intrasense.fr\/fr\/plan-de-site-intelligence-artifcielle-medecine\/#breadcrumb"},"inLanguage":"fr-FR","potentialAction":[{"@type":"ReadAction","target":["https:\/\/intrasense.fr\/fr\/plan-de-site-intelligence-artifcielle-medecine\/"]}]},{"@type":"BreadcrumbList","@id":"https:\/\/intrasense.fr\/fr\/plan-de-site-intelligence-artifcielle-medecine\/#breadcrumb","itemListElement":[{"@type":"ListItem","position":1,"name":"Home","item":"https:\/\/intrasense.fr\/fr\/"},{"@type":"ListItem","position":2,"name":"Plan de site"}]},{"@type":"WebSite","@id":"https:\/\/intrasense.fr\/fr\/#website","url":"https:\/\/intrasense.fr\/fr\/","name":"Intrasense","description":"","potentialAction":[{"@type":"SearchAction","target":{"@type":"EntryPoint","urlTemplate":"https:\/\/intrasense.fr\/fr\/?s={search_term_string}"},"query-input":{"@type":"PropertyValueSpecification","valueRequired":true,"valueName":"search_term_string"}}],"inLanguage":"fr-FR"}]}},"_links":{"self":[{"href":"https:\/\/intrasense.fr\/fr\/wp-json\/wp\/v2\/pages\/1187","targetHints":{"allow":["GET"]}}],"collection":[{"href":"https:\/\/intrasense.fr\/fr\/wp-json\/wp\/v2\/pages"}],"about":[{"href":"https:\/\/intrasense.fr\/fr\/wp-json\/wp\/v2\/types\/page"}],"author":[{"embeddable":true,"href":"https:\/\/intrasense.fr\/fr\/wp-json\/wp\/v2\/users\/1"}],"replies":[{"embeddable":true,"href":"https:\/\/intrasense.fr\/fr\/wp-json\/wp\/v2\/comments?post=1187"}],"version-history":[{"count":0,"href":"https:\/\/intrasense.fr\/fr\/wp-json\/wp\/v2\/pages\/1187\/revisions"}],"wp:attachment":[{"href":"https:\/\/intrasense.fr\/fr\/wp-json\/wp\/v2\/media?parent=1187"}],"curies":[{"name":"wp","href":"https:\/\/api.w.org\/{rel}","templated":true}]}}