{"id":7064,"date":"2022-10-03T09:41:30","date_gmt":"2022-10-03T07:41:30","guid":{"rendered":"https:\/\/intrasense.fr\/?page_id=7064"},"modified":"2025-09-09T11:58:42","modified_gmt":"2025-09-09T09:58:42","slug":"mentions-legales-produits-intrasense","status":"publish","type":"page","link":"https:\/\/intrasense.fr\/fr\/mentions-legales-produits-intrasense\/","title":{"rendered":"Mentions l\u00e9gales - produits Intrasense"},"content":{"rendered":"\n<div style=\"height:50px\" aria-hidden=\"true\" class=\"wp-block-spacer\"><\/div>\n\n\n\n<h2 class=\"wp-block-heading has-text-color has-link-color wp-elements-a862130fe042b8089ddfd2043796ed63\" style=\"color:#ffa241\">Mentions l\u00e9gales - Myrian\u00ae<\/h2>\n\n\n\n<p class=\"text-color-58\">Le logiciel Myrian\u00ae, dispositif m\u00e9dical de classe II, est d\u00e9velopp\u00e9, fabriqu\u00e9 et distribu\u00e9 par Intrasense SA. Myrian est un logiciel de traitement, de gestion, de visualisation avanc\u00e9e et d'analyse d'images m\u00e9dicales multimodales. Ce dispositif m\u00e9dical n'est pas homologu\u00e9 par la FDA, il est destin\u00e9 uniquement \u00e0 des fins de pr\u00e9sentation ou de d\u00e9monstration et ne peut \u00eatre mis \u00e0 disposition tant qu'il n'a pas \u00e9t\u00e9 mis en conformit\u00e9 avec la r\u00e9glementation am\u00e9ricaine sur les dispositifs m\u00e9dicaux (US Medical Device Regulation).<\/p>\n\n\n\n<p>Myrian\u00ae 2.13 porte le marquage CE 0459 conform\u00e9ment aux exigences du r\u00e8glement 745\/2017 relatif aux dispositifs m\u00e9dicaux.<\/p>\n\n\n\n<p>Myrian\u00ae \u00e9tant un dispositif m\u00e9dical, non remboursable, il est destin\u00e9 \u00e0 \u00eatre utilis\u00e9 uniquement par des professionnels de sant\u00e9. Des pr\u00e9cautions d'emploi doivent \u00eatre mises en \u0153uvre, consulter le mode d'emploi pour plus d'informations.<br>Myrian\u00ae XP-Prostate option AI disponible avec Myrian\u00ae 2.13 est une option AI de la variante Myrian\u00ae XP-Prostate.<br>Myrian\u00ae XP-LungNodule option AI disponible avec Myrian\u00ae 2.13 est une option AI de la variante Myrian\u00ae XP-LungNodule.<\/p>\n\n\n\n<p>Intrasense\u00ae et Myrian\u00ae sont des marques d\u00e9pos\u00e9es ou des marques commerciales d'Intrasense SA en France et\/ou dans d'autres pays.<br>Intrasense - 1231 Avenue du Mondial 98 - 34 000 Montpellier (France).<\/p>\n\n\n\n<div style=\"height:50px\" aria-hidden=\"true\" class=\"wp-block-spacer\"><\/div>\n\n\n\n<h2 class=\"wp-block-heading has-text-color has-link-color wp-elements-c2a05566e9b0d464b7713e3b61362077\" style=\"color:#65c828\">Mentions l\u00e9gales - Liflow\u00ae<\/h2>\n\n\n\n<p>Le logiciel Liflow\u00ae, dispositif m\u00e9dical de classe II, est d\u00e9velopp\u00e9, fabriqu\u00e9 et distribu\u00e9 par Intrasense SA. Liflow est une application d\u00e9di\u00e9e \u00e0 l'interpr\u00e9tation des examens d'oncologie. Ce dispositif m\u00e9dical n'est pas homologu\u00e9 par la FDA, il est destin\u00e9 uniquement \u00e0 des fins de pr\u00e9sentation ou de d\u00e9monstration et ne peut \u00eatre mis \u00e0 disposition tant qu'il n'a pas \u00e9t\u00e9 mis en conformit\u00e9 avec la r\u00e9glementation am\u00e9ricaine sur les dispositifs m\u00e9dicaux (US Medical Device Regulation).<\/p>\n\n\n\n<p>Liflow\u00ae 2.0 porte la marque CE 0459 conform\u00e9ment aux exigences du r\u00e8glement 745\/2017 sur les dispositifs m\u00e9dicaux. Liflow\u00ae \u00e9tant un dispositif m\u00e9dical, non remboursable, il est destin\u00e9 \u00e0 \u00eatre utilis\u00e9 uniquement par des professionnels de sant\u00e9. Des pr\u00e9cautions d'emploi doivent \u00eatre mises en \u0153uvre, consultez le mode d'emploi pour plus d'informations<\/p>\n\n\n\n<p>Une nouvelle version de Liflow\u00ae 3.0 est en cours de d\u00e9veloppement.<\/p>\n\n\n\n<p>Intrasense\u00ae et Liflow\u00ae sont des marques d\u00e9pos\u00e9es ou des marques d'Intrasense SA en France et\/ou dans d'autres pays.<br>Intrasense - 1231 Avenue du Mondial 98 - 34 000 Montpellier (France).<\/p>\n\n\n\n<div style=\"height:50px\" aria-hidden=\"true\" class=\"wp-block-spacer\"><\/div>\n\n\n\n<h2 class=\"wp-block-heading has-text-color has-link-color wp-elements-75a12fb1ddd08bbb31997f7c4c7da91a\" style=\"color:#65c828\"><mark style=\"background-color:rgba(0, 0, 0, 0)\" class=\"has-inline-color has-vivid-cyan-blue-color\">Mentions l\u00e9gales - DUOnco\u2122<\/mark><\/h2>\n\n\n\n<p>DUOnco\u2122 Liver, DUOnco\u2122 Bone et DUOnco\u2122 Pancreas, dispositifs m\u00e9dicaux de classe II, sont d\u00e9velopp\u00e9s, fabriqu\u00e9s et distribu\u00e9s par Intrasense SA. DUOnco\u2122 Liver est un logiciel destin\u00e9 \u00e0 faciliter l'analyse et l'examen des images de tomodensitom\u00e9trie \u00e0 contraste renforc\u00e9 (phase portale) contenant le foie par la d\u00e9tection et la mesure automatiques des l\u00e9sions h\u00e9patiques. DUOnco\u2122 Bone est un logiciel destin\u00e9 \u00e0 faciliter l'analyse et la relecture des images de scanner par la d\u00e9tection automatique des l\u00e9sions osseuses. DUOnco\u2122 Pancreas est un logiciel con\u00e7u pour faciliter l'analyse et l'examen des images CT avec contraste contenant le pancr\u00e9as, gr\u00e2ce \u00e0 la d\u00e9tection et \u00e0 la mesure automatiques des l\u00e9sions pancr\u00e9atiques focales et du canal pancr\u00e9atique principal.<\/p>\n\n\n\n<p>DUOnco\u2122 Liver, DUOnco\u2122 Bone et DUOnco\u2122 Pancreas portent le marquage CE 0459 conform\u00e9ment aux exigences du r\u00e8glement 745\/2017 relatif aux dispositifs m\u00e9dicaux. Ces dispositifs m\u00e9dicaux ne sont pas homologu\u00e9s par la FDA.<\/p>\n\n\n\n<p>DUOnco\u2122 Liver et Bone \u00e9tant des dispositifs m\u00e9dicaux, non remboursable, il est destin\u00e9 \u00e0 \u00eatre utilis\u00e9 uniquement par des professionnels de sant\u00e9. Des pr\u00e9cautions d'emploi doivent \u00eatre mises en \u0153uvre, consulter le mode d'emploi pour plus d'informations.<\/p>\n\n\n\n<p>Intrasense\u00ae et DUOnco\u2122 sont soit des marques d\u00e9pos\u00e9es, soit des marques d'Intrasense SA ou de Guerbet en France et\/ou dans d'autres pays.<br>Intrasense - 1231 Avenue du Mondial 98 - 34 000 Montpellier (France).<\/p>\n\n\n\n<div style=\"height:50px\" aria-hidden=\"true\" class=\"wp-block-spacer\"><\/div>\n\n\n\n<h2 class=\"wp-block-heading\"><mark style=\"background-color:rgba(0, 0, 0, 0)\" class=\"has-inline-color has-vivid-purple-color\">Mentions l\u00e9gales -<strong> <\/strong>ico<strong>brain<\/strong><\/mark><\/h2>\n\n\n\n<p>ico<strong>brain<\/strong>&nbsp;est un&nbsp;dispositif m\u00e9dical destin\u00e9 \u00e0 \u00eatre utilis\u00e9 uniquement par des professionnels de sant\u00e9.<\/p>\n\n\n\n<p>ico<strong>brain&nbsp;mr&nbsp;<\/strong>est destin\u00e9 \u00e0 l'\u00e9tiquetage automatique, la visualisation et la quantification volum\u00e9trique des structures c\u00e9r\u00e9brales segmentables \u00e0 partir d'un ensemble d'images IRM. Ce logiciel est destin\u00e9 \u00e0 automatiser le processus manuel actuel d'identification, d'\u00e9tiquetage et de quantification du volume des structures c\u00e9r\u00e9brales segmentables identifi\u00e9es sur les images IRM.<br>ico<strong>brainmr<\/strong>&nbsp;se compose de deux pipelines de traitement d'image distincts : ico<strong>brainmr<\/strong>&nbsp;cross et ico<strong>brainmr<\/strong>&nbsp;long.<\/p>\n\n\n\n<ul class=\"wp-block-list\">\n<li>ico<strong>brain<\/strong>&nbsp;<strong>mr<\/strong>&nbsp;cross est destin\u00e9 \u00e0 fournir des volumes d'images acquises \u00e0 un seul point temporel<\/li>\n\n\n\n<li>icobrain&nbsp;<strong>mr<\/strong>&nbsp;long est destin\u00e9 \u00e0 fournir des changements de volumes entre deux images qui ont \u00e9t\u00e9 acquises sur le m\u00eame scanner, avec le m\u00eame protocole d'acquisition d'images et avec le m\u00eame contraste \u00e0 deux moments diff\u00e9rents.<\/li>\n<\/ul>\n\n\n\n<p>Les r\u00e9sultats d'ico<strong>brain<\/strong>&nbsp;<strong>mr<\/strong>&nbsp;cross ne peuvent pas \u00eatre compar\u00e9s aux r\u00e9sultats d'ico<strong>brain<\/strong>&nbsp;<strong>mr<\/strong>&nbsp;long.<\/p>\n\n\n\n<p>ico<strong>brain&nbsp;ct&nbsp;<\/strong>est destin\u00e9 \u00e0 l\u2019\u00e9tiquetage automatique, la visualisation et la quantification volum\u00e9trique des structures c\u00e9r\u00e9brales segmentables \u00e0 partir d\u2019un ensemble d\u2019images de tomodensitom\u00e9trie sans contraste (TDMSC). Ce logiciel est destin\u00e9 \u00e0 automatiser le processus manuel actuel d\u2019identification, d\u2019\u00e9tiquetage et de quantification du volume des structures c\u00e9r\u00e9brales segmentables identifi\u00e9es sur des images de tomodensitom\u00e9trie sans contraste (TDMSC).<\/p>\n\n\n\n<p>ico<strong>brain ctp <\/strong>est un logiciel de traitement d'image destin\u00e9 \u00e0 \u00eatre utilis\u00e9 par des professionnels qualifi\u00e9s, y compris, mais sans s'y limiter, les m\u00e9decins et techniciens m\u00e9dicaux. Le logiciel fonctionne sur un ordinateur standard ou sur une plate-forme virtuelle, telle que VMware, et peut \u00eatre utilis\u00e9 pour effectuer le traitement d'images, l'analyse et la communication de CT-scans de perfusion (CTP) du cerveau. Les donn\u00e9es et les images sont acquises via des appareils d'imagerie compatibles DICOM. ico<strong>brain ctp <\/strong>fournit \u00e0 la fois des capacit\u00e9s d'analyse et de communication pour des ensembles de donn\u00e9es d'imagerie dynamique acquis par tomodensitom\u00e9trie (TDM) de perfusion. L'analyse comprend le calcul des param\u00e8tres li\u00e9s au d\u00e9bit sanguin c\u00e9r\u00e9bral et au volume sanguin c\u00e9r\u00e9bral. Les r\u00e9sultats du traitement d'image qui incluent des images de param\u00e8tres de TDM de perfusion g\u00e9n\u00e9r\u00e9es \u00e0 partir d'un scan CTP brut sont export\u00e9s au format DICOM standard et peuvent \u00eatre visualis\u00e9s sur des visionneuses d'imagerie radiologique existante.<\/p>\n\n\n\n<p>Pour des informations compl\u00e8tes sur les indications, les contre-indications, les proc\u00e9dures sugg\u00e9r\u00e9es, les avertissements, les pr\u00e9cautions et les conditions optimales d'utilisation, nous vous recommandons de consulter les instructions d'utilisation fournies avec le logiciel ou par votre (vos) repr\u00e9sentant(s) local(aux) de Guerbet. Ces dispositifs peuvent ne pas \u00eatre disponibles dans certaines zones g\u00e9ographiques car ils peuvent ne pas disposer d'enregistrements r\u00e9glementaires. Veuillez-vous assurer d'obtenir le statut r\u00e9glementaire de l'enregistrement du produit avant de l'utiliser dans votre pays.<\/p>\n\n\n\n<p>ico<strong>brain mr <\/strong>(\u00e0 partir de la version: 5.15.0) \/ Classe IIa \/ Conforme au r\u00e8glement sur les dispositifs m\u00e9dicaux EU 2017\/745 tel que modifi\u00e9 \/ SGS Belgium NV NB1639<\/p>\n\n\n\n<p>ico<strong>brain ct <\/strong>(\u00e0 partir de la version: 6.4.0) \/ Classe IIa \/ Conforme au r\u00e8glement sur les dispositifs m\u00e9dicaux EU 2017\/745 tel que modifi\u00e9 \/ SGS Belgium NV NB1639<\/p>\n\n\n\n<p>Ico<strong>brain ctp <\/strong>(\u00e0 partir de la version: 1.7.1)&nbsp; \/ Classe IIa \/ Conforme au r\u00e8glement sur les dispositifs m\u00e9dicaux EU 2017\/745 tel que modifi\u00e9 \/ SGS Belgium NV NB1639<\/p>\n\n\n\n<p>Fabricant: ico<strong>metrix \/ <\/strong>SRN Number: BE-MF-000006329 ico<strong>metrix<\/strong>&nbsp;(Icometrix NV Kolonel Begaultlaan 1b\/12, 3012 Leuven, Belgique)<\/p>\n\n\n\n<div style=\"height:50px\" aria-hidden=\"true\" class=\"wp-block-spacer\"><\/div>\n\n\n\n<div class=\"wp-block-buttons is-layout-flex wp-block-buttons-is-layout-flex\">\n<div class=\"wp-block-button seo-button\"><a class=\"wp-block-button__link wp-element-button\" href=\"https:\/\/intrasense.fr\/fr\/#nos-solutions\" target=\"_blank\" rel=\"noreferrer noopener\">Retourner aux solutions<\/a><\/div>\n<\/div>\n\n\n\n<p><\/p>\n","protected":false},"excerpt":{"rendered":"<p>Mentions l\u00e9gales - Myrian\u00ae Le logiciel Myrian\u00ae, dispositif m\u00e9dical de classe II, est d\u00e9velopp\u00e9, fabriqu\u00e9 et distribu\u00e9 par Intrasense SA. Myrian est un logiciel de traitement, de gestion, de visualisation avanc\u00e9e et d'analyse d'images m\u00e9dicales multimodales. Ce dispositif m\u00e9dical n'est pas homologu\u00e9 par la FDA, il est destin\u00e9 uniquement \u00e0 des fins de pr\u00e9sentation ou [&hellip;]<\/p>\n","protected":false},"author":2,"featured_media":0,"parent":0,"menu_order":49,"comment_status":"closed","ping_status":"closed","template":"","meta":{"_acf_changed":false,"inline_featured_image":false,"footnotes":""},"class_list":["post-7064","page","type-page","status-publish","hentry"],"acf":[],"yoast_head":"<!-- This site is optimized with the Yoast SEO plugin v27.5 - https:\/\/yoast.com\/product\/yoast-seo-wordpress\/ -->\n<title>Mentions l\u00e9gales | Intrasense, Myrian\u00ae et Liflow\u00ae<\/title>\n<meta name=\"description\" content=\"Lisez et comprenez les mentions l\u00e9gales des solutions d&#039;Intrasense : Myrian\u00ae et Liflow\u00ae, plateformes marqu\u00e9es CE\" \/>\n<meta name=\"robots\" content=\"index, follow, max-snippet:-1, max-image-preview:large, max-video-preview:-1\" \/>\n<link rel=\"canonical\" href=\"https:\/\/intrasense.fr\/fr\/mentions-legales-produits-intrasense\/\" \/>\n<meta property=\"og:locale\" content=\"fr_FR\" \/>\n<meta property=\"og:type\" content=\"article\" \/>\n<meta property=\"og:title\" content=\"Mentions l\u00e9gales | Intrasense, Myrian\u00ae et Liflow\u00ae\" \/>\n<meta property=\"og:description\" content=\"Lisez et comprenez les mentions l\u00e9gales des solutions d&#039;Intrasense : Myrian\u00ae et Liflow\u00ae, plateformes marqu\u00e9es CE\" \/>\n<meta property=\"og:url\" content=\"https:\/\/intrasense.fr\/fr\/mentions-legales-produits-intrasense\/\" \/>\n<meta property=\"og:site_name\" content=\"Intrasense\" \/>\n<meta property=\"article:modified_time\" content=\"2025-09-09T09:58:42+00:00\" \/>\n<meta name=\"twitter:card\" content=\"summary_large_image\" \/>\n<meta name=\"twitter:label1\" content=\"Dur\u00e9e de lecture estim\u00e9e\" \/>\n\t<meta name=\"twitter:data1\" content=\"6 minutes\" \/>\n<script type=\"application\/ld+json\" class=\"yoast-schema-graph\">{\"@context\":\"https:\\\/\\\/schema.org\",\"@graph\":[{\"@type\":\"WebPage\",\"@id\":\"https:\\\/\\\/intrasense.fr\\\/fr\\\/mentions-legales-produits-intrasense\\\/\",\"url\":\"https:\\\/\\\/intrasense.fr\\\/fr\\\/mentions-legales-produits-intrasense\\\/\",\"name\":\"Mentions l\u00e9gales | Intrasense, Myrian\u00ae et Liflow\u00ae\",\"isPartOf\":{\"@id\":\"https:\\\/\\\/intrasense.fr\\\/fr\\\/#website\"},\"datePublished\":\"2022-10-03T07:41:30+00:00\",\"dateModified\":\"2025-09-09T09:58:42+00:00\",\"description\":\"Lisez et comprenez les mentions l\u00e9gales des solutions d'Intrasense : Myrian\u00ae et Liflow\u00ae, plateformes marqu\u00e9es CE\",\"breadcrumb\":{\"@id\":\"https:\\\/\\\/intrasense.fr\\\/fr\\\/mentions-legales-produits-intrasense\\\/#breadcrumb\"},\"inLanguage\":\"fr-FR\",\"potentialAction\":[{\"@type\":\"ReadAction\",\"target\":[\"https:\\\/\\\/intrasense.fr\\\/fr\\\/mentions-legales-produits-intrasense\\\/\"]}]},{\"@type\":\"BreadcrumbList\",\"@id\":\"https:\\\/\\\/intrasense.fr\\\/fr\\\/mentions-legales-produits-intrasense\\\/#breadcrumb\",\"itemListElement\":[{\"@type\":\"ListItem\",\"position\":1,\"name\":\"Home\",\"item\":\"https:\\\/\\\/intrasense.fr\\\/fr\\\/\"},{\"@type\":\"ListItem\",\"position\":2,\"name\":\"Mentions l\u00e9gales - produits Intrasense\"}]},{\"@type\":\"WebSite\",\"@id\":\"https:\\\/\\\/intrasense.fr\\\/fr\\\/#website\",\"url\":\"https:\\\/\\\/intrasense.fr\\\/fr\\\/\",\"name\":\"Intrasense\",\"description\":\"\",\"potentialAction\":[{\"@type\":\"SearchAction\",\"target\":{\"@type\":\"EntryPoint\",\"urlTemplate\":\"https:\\\/\\\/intrasense.fr\\\/fr\\\/?s={search_term_string}\"},\"query-input\":{\"@type\":\"PropertyValueSpecification\",\"valueRequired\":true,\"valueName\":\"search_term_string\"}}],\"inLanguage\":\"fr-FR\"}]}<\/script>\n<!-- \/ Yoast SEO plugin. -->","yoast_head_json":{"title":"Mentions l\u00e9gales | Intrasense, Myrian\u00ae et Liflow\u00ae","description":"Lisez et comprenez les mentions l\u00e9gales des solutions d'Intrasense : Myrian\u00ae et Liflow\u00ae, plateformes marqu\u00e9es CE","robots":{"index":"index","follow":"follow","max-snippet":"max-snippet:-1","max-image-preview":"max-image-preview:large","max-video-preview":"max-video-preview:-1"},"canonical":"https:\/\/intrasense.fr\/fr\/mentions-legales-produits-intrasense\/","og_locale":"fr_FR","og_type":"article","og_title":"Mentions l\u00e9gales | Intrasense, Myrian\u00ae et Liflow\u00ae","og_description":"Lisez et comprenez les mentions l\u00e9gales des solutions d'Intrasense : Myrian\u00ae et Liflow\u00ae, plateformes marqu\u00e9es CE","og_url":"https:\/\/intrasense.fr\/fr\/mentions-legales-produits-intrasense\/","og_site_name":"Intrasense","article_modified_time":"2025-09-09T09:58:42+00:00","twitter_card":"summary_large_image","twitter_misc":{"Dur\u00e9e de lecture estim\u00e9e":"6 minutes"},"schema":{"@context":"https:\/\/schema.org","@graph":[{"@type":"WebPage","@id":"https:\/\/intrasense.fr\/fr\/mentions-legales-produits-intrasense\/","url":"https:\/\/intrasense.fr\/fr\/mentions-legales-produits-intrasense\/","name":"Mentions l\u00e9gales | Intrasense, Myrian\u00ae et Liflow\u00ae","isPartOf":{"@id":"https:\/\/intrasense.fr\/fr\/#website"},"datePublished":"2022-10-03T07:41:30+00:00","dateModified":"2025-09-09T09:58:42+00:00","description":"Lisez et comprenez les mentions l\u00e9gales des solutions d'Intrasense : Myrian\u00ae et Liflow\u00ae, plateformes marqu\u00e9es CE","breadcrumb":{"@id":"https:\/\/intrasense.fr\/fr\/mentions-legales-produits-intrasense\/#breadcrumb"},"inLanguage":"fr-FR","potentialAction":[{"@type":"ReadAction","target":["https:\/\/intrasense.fr\/fr\/mentions-legales-produits-intrasense\/"]}]},{"@type":"BreadcrumbList","@id":"https:\/\/intrasense.fr\/fr\/mentions-legales-produits-intrasense\/#breadcrumb","itemListElement":[{"@type":"ListItem","position":1,"name":"Home","item":"https:\/\/intrasense.fr\/fr\/"},{"@type":"ListItem","position":2,"name":"Mentions l\u00e9gales - produits Intrasense"}]},{"@type":"WebSite","@id":"https:\/\/intrasense.fr\/fr\/#website","url":"https:\/\/intrasense.fr\/fr\/","name":"Intrasense","description":"","potentialAction":[{"@type":"SearchAction","target":{"@type":"EntryPoint","urlTemplate":"https:\/\/intrasense.fr\/fr\/?s={search_term_string}"},"query-input":{"@type":"PropertyValueSpecification","valueRequired":true,"valueName":"search_term_string"}}],"inLanguage":"fr-FR"}]}},"_links":{"self":[{"href":"https:\/\/intrasense.fr\/fr\/wp-json\/wp\/v2\/pages\/7064","targetHints":{"allow":["GET"]}}],"collection":[{"href":"https:\/\/intrasense.fr\/fr\/wp-json\/wp\/v2\/pages"}],"about":[{"href":"https:\/\/intrasense.fr\/fr\/wp-json\/wp\/v2\/types\/page"}],"author":[{"embeddable":true,"href":"https:\/\/intrasense.fr\/fr\/wp-json\/wp\/v2\/users\/2"}],"replies":[{"embeddable":true,"href":"https:\/\/intrasense.fr\/fr\/wp-json\/wp\/v2\/comments?post=7064"}],"version-history":[{"count":3,"href":"https:\/\/intrasense.fr\/fr\/wp-json\/wp\/v2\/pages\/7064\/revisions"}],"predecessor-version":[{"id":8203,"href":"https:\/\/intrasense.fr\/fr\/wp-json\/wp\/v2\/pages\/7064\/revisions\/8203"}],"wp:attachment":[{"href":"https:\/\/intrasense.fr\/fr\/wp-json\/wp\/v2\/media?parent=7064"}],"curies":[{"name":"wp","href":"https:\/\/api.w.org\/{rel}","templated":true}]}}