{"id":936,"date":"2022-09-05T09:43:52","date_gmt":"2022-09-05T07:43:52","guid":{"rendered":"https:\/\/intrasense.fr\/?page_id=936"},"modified":"2022-12-14T09:54:57","modified_gmt":"2022-12-14T08:54:57","slug":"actualites-intelligence-artificielle-medecine","status":"publish","type":"page","link":"https:\/\/intrasense.fr\/fr\/actualites-intelligence-artificielle-medecine\/","title":{"rendered":"Actualit\u00e9s"},"content":{"rendered":"","protected":false},"excerpt":{"rendered":"","protected":false},"author":1,"featured_media":0,"parent":0,"menu_order":13,"comment_status":"closed","ping_status":"closed","template":"","meta":{"_acf_changed":false,"inline_featured_image":false,"footnotes":""},"class_list":["post-936","page","type-page","status-publish","hentry"],"acf":[],"yoast_head":"<!-- This site is optimized with the Yoast SEO plugin v27.3 - https:\/\/yoast.com\/product\/yoast-seo-wordpress\/ -->\n<title>Actualit\u00e9s | Intelligence Artificielle M\u00e9decine | Intrasense, Myrian<\/title>\n<meta name=\"description\" content=\"Site Officiel \u2705 Retrouvez les derni\u00e8res actualit\u00e9s d&#039;Intrasense. Webinars, podcasts, presse... sur notre logiciel d&#039;intelligence artificielle de m\u00e9decine.\" \/>\n<meta name=\"robots\" content=\"index, follow, max-snippet:-1, max-image-preview:large, max-video-preview:-1\" \/>\n<link rel=\"canonical\" href=\"https:\/\/intrasense.fr\/fr\/actualites-intelligence-artificielle-medecine\/\" \/>\n<meta property=\"og:locale\" content=\"fr_FR\" \/>\n<meta property=\"og:type\" content=\"article\" \/>\n<meta property=\"og:title\" content=\"Actualit\u00e9s | Intelligence Artificielle M\u00e9decine | Intrasense, Myrian\" \/>\n<meta property=\"og:description\" content=\"Site Officiel \u2705 Retrouvez les derni\u00e8res actualit\u00e9s d&#039;Intrasense. Webinars, podcasts, presse... sur notre logiciel d&#039;intelligence artificielle de m\u00e9decine.\" \/>\n<meta property=\"og:url\" content=\"https:\/\/intrasense.fr\/fr\/actualites-intelligence-artificielle-medecine\/\" \/>\n<meta property=\"og:site_name\" content=\"Intrasense\" \/>\n<meta property=\"article:modified_time\" content=\"2022-12-14T08:54:57+00:00\" \/>\n<meta name=\"twitter:card\" content=\"summary_large_image\" \/>\n<script type=\"application\/ld+json\" class=\"yoast-schema-graph\">{\"@context\":\"https:\\\/\\\/schema.org\",\"@graph\":[{\"@type\":\"WebPage\",\"@id\":\"https:\\\/\\\/intrasense.fr\\\/fr\\\/actualites-intelligence-artificielle-medecine\\\/\",\"url\":\"https:\\\/\\\/intrasense.fr\\\/fr\\\/actualites-intelligence-artificielle-medecine\\\/\",\"name\":\"Actualit\u00e9s | Intelligence Artificielle M\u00e9decine | Intrasense, Myrian\",\"isPartOf\":{\"@id\":\"https:\\\/\\\/intrasense.fr\\\/fr\\\/#website\"},\"datePublished\":\"2022-09-05T07:43:52+00:00\",\"dateModified\":\"2022-12-14T08:54:57+00:00\",\"description\":\"Site Officiel \u2705 Retrouvez les derni\u00e8res actualit\u00e9s d'Intrasense. Webinars, podcasts, presse... sur notre logiciel d'intelligence artificielle de m\u00e9decine.\",\"breadcrumb\":{\"@id\":\"https:\\\/\\\/intrasense.fr\\\/fr\\\/actualites-intelligence-artificielle-medecine\\\/#breadcrumb\"},\"inLanguage\":\"fr-FR\",\"potentialAction\":[{\"@type\":\"ReadAction\",\"target\":[\"https:\\\/\\\/intrasense.fr\\\/fr\\\/actualites-intelligence-artificielle-medecine\\\/\"]}]},{\"@type\":\"BreadcrumbList\",\"@id\":\"https:\\\/\\\/intrasense.fr\\\/fr\\\/actualites-intelligence-artificielle-medecine\\\/#breadcrumb\",\"itemListElement\":[{\"@type\":\"ListItem\",\"position\":1,\"name\":\"Home\",\"item\":\"https:\\\/\\\/intrasense.fr\\\/fr\\\/\"},{\"@type\":\"ListItem\",\"position\":2,\"name\":\"Actualit\u00e9s\"}]},{\"@type\":\"WebSite\",\"@id\":\"https:\\\/\\\/intrasense.fr\\\/fr\\\/#website\",\"url\":\"https:\\\/\\\/intrasense.fr\\\/fr\\\/\",\"name\":\"Intrasense\",\"description\":\"\",\"potentialAction\":[{\"@type\":\"SearchAction\",\"target\":{\"@type\":\"EntryPoint\",\"urlTemplate\":\"https:\\\/\\\/intrasense.fr\\\/fr\\\/?s={search_term_string}\"},\"query-input\":{\"@type\":\"PropertyValueSpecification\",\"valueRequired\":true,\"valueName\":\"search_term_string\"}}],\"inLanguage\":\"fr-FR\"}]}<\/script>\n<!-- \/ Yoast SEO plugin. -->","yoast_head_json":{"title":"Actualit\u00e9s | Intelligence Artificielle M\u00e9decine | Intrasense, Myrian","description":"Site Officiel \u2705 Retrouvez les derni\u00e8res actualit\u00e9s d'Intrasense. Webinars, podcasts, presse... sur notre logiciel d'intelligence artificielle de m\u00e9decine.","robots":{"index":"index","follow":"follow","max-snippet":"max-snippet:-1","max-image-preview":"max-image-preview:large","max-video-preview":"max-video-preview:-1"},"canonical":"https:\/\/intrasense.fr\/fr\/actualites-intelligence-artificielle-medecine\/","og_locale":"fr_FR","og_type":"article","og_title":"Actualit\u00e9s | Intelligence Artificielle M\u00e9decine | Intrasense, Myrian","og_description":"Site Officiel \u2705 Retrouvez les derni\u00e8res actualit\u00e9s d'Intrasense. Webinars, podcasts, presse... sur notre logiciel d'intelligence artificielle de m\u00e9decine.","og_url":"https:\/\/intrasense.fr\/fr\/actualites-intelligence-artificielle-medecine\/","og_site_name":"Intrasense","article_modified_time":"2022-12-14T08:54:57+00:00","twitter_card":"summary_large_image","schema":{"@context":"https:\/\/schema.org","@graph":[{"@type":"WebPage","@id":"https:\/\/intrasense.fr\/fr\/actualites-intelligence-artificielle-medecine\/","url":"https:\/\/intrasense.fr\/fr\/actualites-intelligence-artificielle-medecine\/","name":"Actualit\u00e9s | Intelligence Artificielle M\u00e9decine | Intrasense, Myrian","isPartOf":{"@id":"https:\/\/intrasense.fr\/fr\/#website"},"datePublished":"2022-09-05T07:43:52+00:00","dateModified":"2022-12-14T08:54:57+00:00","description":"Site Officiel \u2705 Retrouvez les derni\u00e8res actualit\u00e9s d'Intrasense. Webinars, podcasts, presse... sur notre logiciel d'intelligence artificielle de m\u00e9decine.","breadcrumb":{"@id":"https:\/\/intrasense.fr\/fr\/actualites-intelligence-artificielle-medecine\/#breadcrumb"},"inLanguage":"fr-FR","potentialAction":[{"@type":"ReadAction","target":["https:\/\/intrasense.fr\/fr\/actualites-intelligence-artificielle-medecine\/"]}]},{"@type":"BreadcrumbList","@id":"https:\/\/intrasense.fr\/fr\/actualites-intelligence-artificielle-medecine\/#breadcrumb","itemListElement":[{"@type":"ListItem","position":1,"name":"Home","item":"https:\/\/intrasense.fr\/fr\/"},{"@type":"ListItem","position":2,"name":"Actualit\u00e9s"}]},{"@type":"WebSite","@id":"https:\/\/intrasense.fr\/fr\/#website","url":"https:\/\/intrasense.fr\/fr\/","name":"Intrasense","description":"","potentialAction":[{"@type":"SearchAction","target":{"@type":"EntryPoint","urlTemplate":"https:\/\/intrasense.fr\/fr\/?s={search_term_string}"},"query-input":{"@type":"PropertyValueSpecification","valueRequired":true,"valueName":"search_term_string"}}],"inLanguage":"fr-FR"}]}},"_links":{"self":[{"href":"https:\/\/intrasense.fr\/fr\/wp-json\/wp\/v2\/pages\/936","targetHints":{"allow":["GET"]}}],"collection":[{"href":"https:\/\/intrasense.fr\/fr\/wp-json\/wp\/v2\/pages"}],"about":[{"href":"https:\/\/intrasense.fr\/fr\/wp-json\/wp\/v2\/types\/page"}],"author":[{"embeddable":true,"href":"https:\/\/intrasense.fr\/fr\/wp-json\/wp\/v2\/users\/1"}],"replies":[{"embeddable":true,"href":"https:\/\/intrasense.fr\/fr\/wp-json\/wp\/v2\/comments?post=936"}],"version-history":[{"count":0,"href":"https:\/\/intrasense.fr\/fr\/wp-json\/wp\/v2\/pages\/936\/revisions"}],"wp:attachment":[{"href":"https:\/\/intrasense.fr\/fr\/wp-json\/wp\/v2\/media?parent=936"}],"curies":[{"name":"wp","href":"https:\/\/api.w.org\/{rel}","templated":true}]}}