{"id":982,"date":"2023-08-22T09:35:00","date_gmt":"2023-08-22T07:35:00","guid":{"rendered":"https:\/\/intrasense.fr\/?page_id=982"},"modified":"2026-03-11T18:02:21","modified_gmt":"2026-03-11T17:02:21","slug":"investisseurs-logiciel-imagerie","status":"publish","type":"page","link":"https:\/\/intrasense.fr\/fr\/investisseurs-logiciel-imagerie\/","title":{"rendered":"Investisseurs"},"content":{"rendered":"","protected":false},"excerpt":{"rendered":"","protected":false},"author":1,"featured_media":0,"parent":0,"menu_order":5,"comment_status":"closed","ping_status":"closed","template":"","meta":{"_acf_changed":false,"inline_featured_image":false,"footnotes":""},"class_list":["post-982","page","type-page","status-publish","hentry"],"acf":[],"yoast_head":"<!-- This site is optimized with the Yoast SEO plugin v27.3 - https:\/\/yoast.com\/product\/yoast-seo-wordpress\/ -->\n<title>Investisseurs | Logiciel Imagerie M\u00e9dicale | Intrasense, Myrian\u00ae<\/title>\n<meta name=\"description\" content=\"Site Officiel \u2705 D\u00e9couvrez les investisseurs qui permettent \u00e0 Intrasense de faire grandir son offre de logiciel imagerie \u00e0 l&#039;international. Contactez-nous.\" \/>\n<meta name=\"robots\" content=\"index, follow, max-snippet:-1, max-image-preview:large, max-video-preview:-1\" \/>\n<link rel=\"canonical\" href=\"https:\/\/intrasense.fr\/fr\/investisseurs-logiciel-imagerie\/\" \/>\n<meta property=\"og:locale\" content=\"fr_FR\" \/>\n<meta property=\"og:type\" content=\"article\" \/>\n<meta property=\"og:title\" content=\"Investisseurs | Logiciel Imagerie M\u00e9dicale | Intrasense, Myrian\u00ae\" \/>\n<meta property=\"og:description\" content=\"Site Officiel \u2705 D\u00e9couvrez les investisseurs qui permettent \u00e0 Intrasense de faire grandir son offre de logiciel imagerie \u00e0 l&#039;international. Contactez-nous.\" \/>\n<meta property=\"og:url\" content=\"https:\/\/intrasense.fr\/fr\/investisseurs-logiciel-imagerie\/\" \/>\n<meta property=\"og:site_name\" content=\"Intrasense\" \/>\n<meta property=\"article:modified_time\" content=\"2026-03-11T17:02:21+00:00\" \/>\n<meta name=\"twitter:card\" content=\"summary_large_image\" \/>\n<meta name=\"twitter:label1\" content=\"Dur\u00e9e de lecture estim\u00e9e\" \/>\n\t<meta name=\"twitter:data1\" content=\"2 minutes\" \/>\n<script type=\"application\/ld+json\" class=\"yoast-schema-graph\">{\"@context\":\"https:\\\/\\\/schema.org\",\"@graph\":[{\"@type\":\"WebPage\",\"@id\":\"https:\\\/\\\/intrasense.fr\\\/fr\\\/investisseurs-logiciel-imagerie\\\/\",\"url\":\"https:\\\/\\\/intrasense.fr\\\/fr\\\/investisseurs-logiciel-imagerie\\\/\",\"name\":\"Investisseurs | Logiciel Imagerie M\u00e9dicale | Intrasense, Myrian\u00ae\",\"isPartOf\":{\"@id\":\"https:\\\/\\\/intrasense.fr\\\/fr\\\/#website\"},\"datePublished\":\"2023-08-22T07:35:00+00:00\",\"dateModified\":\"2026-03-11T17:02:21+00:00\",\"description\":\"Site Officiel \u2705 D\u00e9couvrez les investisseurs qui permettent \u00e0 Intrasense de faire grandir son offre de logiciel imagerie \u00e0 l'international. Contactez-nous.\",\"breadcrumb\":{\"@id\":\"https:\\\/\\\/intrasense.fr\\\/fr\\\/investisseurs-logiciel-imagerie\\\/#breadcrumb\"},\"inLanguage\":\"fr-FR\",\"potentialAction\":[{\"@type\":\"ReadAction\",\"target\":[\"https:\\\/\\\/intrasense.fr\\\/fr\\\/investisseurs-logiciel-imagerie\\\/\"]}]},{\"@type\":\"BreadcrumbList\",\"@id\":\"https:\\\/\\\/intrasense.fr\\\/fr\\\/investisseurs-logiciel-imagerie\\\/#breadcrumb\",\"itemListElement\":[{\"@type\":\"ListItem\",\"position\":1,\"name\":\"Home\",\"item\":\"https:\\\/\\\/intrasense.fr\\\/fr\\\/\"},{\"@type\":\"ListItem\",\"position\":2,\"name\":\"Investisseurs\"}]},{\"@type\":\"WebSite\",\"@id\":\"https:\\\/\\\/intrasense.fr\\\/fr\\\/#website\",\"url\":\"https:\\\/\\\/intrasense.fr\\\/fr\\\/\",\"name\":\"Intrasense\",\"description\":\"\",\"potentialAction\":[{\"@type\":\"SearchAction\",\"target\":{\"@type\":\"EntryPoint\",\"urlTemplate\":\"https:\\\/\\\/intrasense.fr\\\/fr\\\/?s={search_term_string}\"},\"query-input\":{\"@type\":\"PropertyValueSpecification\",\"valueRequired\":true,\"valueName\":\"search_term_string\"}}],\"inLanguage\":\"fr-FR\"}]}<\/script>\n<!-- \/ Yoast SEO plugin. -->","yoast_head_json":{"title":"Investisseurs | Logiciel Imagerie M\u00e9dicale | Intrasense, Myrian\u00ae","description":"Site Officiel \u2705 D\u00e9couvrez les investisseurs qui permettent \u00e0 Intrasense de faire grandir son offre de logiciel imagerie \u00e0 l'international. Contactez-nous.","robots":{"index":"index","follow":"follow","max-snippet":"max-snippet:-1","max-image-preview":"max-image-preview:large","max-video-preview":"max-video-preview:-1"},"canonical":"https:\/\/intrasense.fr\/fr\/investisseurs-logiciel-imagerie\/","og_locale":"fr_FR","og_type":"article","og_title":"Investisseurs | Logiciel Imagerie M\u00e9dicale | Intrasense, Myrian\u00ae","og_description":"Site Officiel \u2705 D\u00e9couvrez les investisseurs qui permettent \u00e0 Intrasense de faire grandir son offre de logiciel imagerie \u00e0 l'international. Contactez-nous.","og_url":"https:\/\/intrasense.fr\/fr\/investisseurs-logiciel-imagerie\/","og_site_name":"Intrasense","article_modified_time":"2026-03-11T17:02:21+00:00","twitter_card":"summary_large_image","twitter_misc":{"Dur\u00e9e de lecture estim\u00e9e":"2 minutes"},"schema":{"@context":"https:\/\/schema.org","@graph":[{"@type":"WebPage","@id":"https:\/\/intrasense.fr\/fr\/investisseurs-logiciel-imagerie\/","url":"https:\/\/intrasense.fr\/fr\/investisseurs-logiciel-imagerie\/","name":"Investisseurs | Logiciel Imagerie M\u00e9dicale | Intrasense, Myrian\u00ae","isPartOf":{"@id":"https:\/\/intrasense.fr\/fr\/#website"},"datePublished":"2023-08-22T07:35:00+00:00","dateModified":"2026-03-11T17:02:21+00:00","description":"Site Officiel \u2705 D\u00e9couvrez les investisseurs qui permettent \u00e0 Intrasense de faire grandir son offre de logiciel imagerie \u00e0 l'international. Contactez-nous.","breadcrumb":{"@id":"https:\/\/intrasense.fr\/fr\/investisseurs-logiciel-imagerie\/#breadcrumb"},"inLanguage":"fr-FR","potentialAction":[{"@type":"ReadAction","target":["https:\/\/intrasense.fr\/fr\/investisseurs-logiciel-imagerie\/"]}]},{"@type":"BreadcrumbList","@id":"https:\/\/intrasense.fr\/fr\/investisseurs-logiciel-imagerie\/#breadcrumb","itemListElement":[{"@type":"ListItem","position":1,"name":"Home","item":"https:\/\/intrasense.fr\/fr\/"},{"@type":"ListItem","position":2,"name":"Investisseurs"}]},{"@type":"WebSite","@id":"https:\/\/intrasense.fr\/fr\/#website","url":"https:\/\/intrasense.fr\/fr\/","name":"Intrasense","description":"","potentialAction":[{"@type":"SearchAction","target":{"@type":"EntryPoint","urlTemplate":"https:\/\/intrasense.fr\/fr\/?s={search_term_string}"},"query-input":{"@type":"PropertyValueSpecification","valueRequired":true,"valueName":"search_term_string"}}],"inLanguage":"fr-FR"}]}},"_links":{"self":[{"href":"https:\/\/intrasense.fr\/fr\/wp-json\/wp\/v2\/pages\/982","targetHints":{"allow":["GET"]}}],"collection":[{"href":"https:\/\/intrasense.fr\/fr\/wp-json\/wp\/v2\/pages"}],"about":[{"href":"https:\/\/intrasense.fr\/fr\/wp-json\/wp\/v2\/types\/page"}],"author":[{"embeddable":true,"href":"https:\/\/intrasense.fr\/fr\/wp-json\/wp\/v2\/users\/1"}],"replies":[{"embeddable":true,"href":"https:\/\/intrasense.fr\/fr\/wp-json\/wp\/v2\/comments?post=982"}],"version-history":[{"count":3,"href":"https:\/\/intrasense.fr\/fr\/wp-json\/wp\/v2\/pages\/982\/revisions"}],"predecessor-version":[{"id":8631,"href":"https:\/\/intrasense.fr\/fr\/wp-json\/wp\/v2\/pages\/982\/revisions\/8631"}],"wp:attachment":[{"href":"https:\/\/intrasense.fr\/fr\/wp-json\/wp\/v2\/media?parent=982"}],"curies":[{"name":"wp","href":"https:\/\/api.w.org\/{rel}","templated":true}]}}